{"id":28396,"date":"2025-11-25T21:06:10","date_gmt":"2025-11-25T20:06:10","guid":{"rendered":"https:\/\/www.hirtenberg-apotheke.at\/katalog\/produkt\/remasan-globuli-30-stk\/"},"modified":"2025-11-25T21:06:45","modified_gmt":"2025-11-25T20:06:45","slug":"remasan-globuli-30-stk","status":"publish","type":"product","link":"https:\/\/www.hirtenberg-apotheke.at\/katalog\/produkt\/remasan-globuli-30-stk\/","title":{"rendered":"Remasan Globuli 30 Stk."},"content":{"rendered":"<p>Anwendungsgebiete gem\u00e4\u00df den hom\u00f6opathischen Arzneimittelbildern. Dazu geh\u00f6ren akute Verletzungen aller Art, Prellungen, Wunden, Blutungen, Sportverletzungen, chronische Beschwerden, die aufgrund der oben angef\u00fchrten Ereignisse auftreten, wie Schmerzzust\u00e4nde oder Befindlichkeitsst\u00f6rungen nach Verletzungen sowie die Anwendung vor und nach operativen Eingriffen.<\/p>\n","protected":false},"excerpt":{"rendered":"<p>Anwendungsgebiete gem\u00e4\u00df den hom\u00f6opathischen Arzneimittelbildern. Dazu geh\u00f6ren akute Verletzungen aller Art, Prellungen, Wunden, Blutungen, Sportverletzungen, chronische Beschwerden, die aufgrund der oben angef\u00fchrten Ereignisse auftreten, wie Schmerzzust\u00e4nde oder Befindlichkeitsst\u00f6rungen nach Verletzungen sowie die Anwendung vor und nach operativen Eingriffen.<\/p>\n","protected":false},"featured_media":28398,"template":"","meta":{"_acf_changed":false},"product_brand":[],"product_cat":[311],"product_tag":[],"class_list":{"0":"post-28396","1":"product","2":"type-product","3":"status-publish","4":"has-post-thumbnail","6":"product_cat-r","7":"pa_packungsgroesse-30-stueck","9":"first","10":"instock","11":"shipping-taxable","12":"purchasable","13":"product-type-simple"},"acf":[],"_links":{"self":[{"href":"https:\/\/www.hirtenberg-apotheke.at\/katalog\/wp-json\/wp\/v2\/product\/28396","targetHints":{"allow":["GET"]}}],"collection":[{"href":"https:\/\/www.hirtenberg-apotheke.at\/katalog\/wp-json\/wp\/v2\/product"}],"about":[{"href":"https:\/\/www.hirtenberg-apotheke.at\/katalog\/wp-json\/wp\/v2\/types\/product"}],"wp:featuredmedia":[{"embeddable":true,"href":"https:\/\/www.hirtenberg-apotheke.at\/katalog\/wp-json\/wp\/v2\/media\/28398"}],"wp:attachment":[{"href":"https:\/\/www.hirtenberg-apotheke.at\/katalog\/wp-json\/wp\/v2\/media?parent=28396"}],"wp:term":[{"taxonomy":"product_brand","embeddable":true,"href":"https:\/\/www.hirtenberg-apotheke.at\/katalog\/wp-json\/wp\/v2\/product_brand?post=28396"},{"taxonomy":"product_cat","embeddable":true,"href":"https:\/\/www.hirtenberg-apotheke.at\/katalog\/wp-json\/wp\/v2\/product_cat?post=28396"},{"taxonomy":"product_tag","embeddable":true,"href":"https:\/\/www.hirtenberg-apotheke.at\/katalog\/wp-json\/wp\/v2\/product_tag?post=28396"}],"curies":[{"name":"wp","href":"https:\/\/api.w.org\/{rel}","templated":true}]}}