{"id":28424,"date":"2025-11-25T21:06:50","date_gmt":"2025-11-25T20:06:50","guid":{"rendered":"https:\/\/www.hirtenberg-apotheke.at\/katalog\/produkt\/relax-nerven-globuli-20-g\/"},"modified":"2025-11-25T21:07:13","modified_gmt":"2025-11-25T20:07:13","slug":"relax-nerven-globuli-20-g","status":"publish","type":"product","link":"https:\/\/www.hirtenberg-apotheke.at\/katalog\/produkt\/relax-nerven-globuli-20-g\/","title":{"rendered":"Relax Nerven Globuli 20 g"},"content":{"rendered":"<p>Bei Relax Nerven Globuli handelt es sich um ein nat\u00fcrliches Hom\u00f6opathikum zur wirksamen Behandlung von psychischen Verstimmungen wie innere Unruhe, Ersch\u00f6pfung, Nervosit\u00e4t, Angstzust\u00e4nden, Schlafproblemen und Stress bis hin zum Burnout. Relax ist durch seine nat\u00fcrlichen Inhaltsstoffe gut vertr\u00e4glich, verursacht keine Tagesm\u00fcdigkeit, Verkehrsbeeintr\u00e4chtigung oder generelle Beeintr\u00e4chtigung f\u00fcr Ihren Alltag und kann auch problemlos \u00fcber l\u00e4ngere Zeit eingenommen werden &#8211; jetzt online g\u00fcnstig bestellen und bequem in unserer Apotheke abholen!<\/p>\n","protected":false},"excerpt":{"rendered":"<p>Bei Relax Nerven Globuli handelt es sich um ein nat\u00fcrliches Hom\u00f6opathikum zur wirksamen Behandlung von psychischen Verstimmungen wie innere Unruhe, Ersch\u00f6pfung, Nervosit\u00e4t, Angstzust\u00e4nden, Schlafproblemen und Stress bis hin zum Burnout. Relax ist durch seine nat\u00fcrlichen Inhaltsstoffe gut vertr\u00e4glich, verursacht keine Tagesm\u00fcdigkeit, Verkehrsbeeintr\u00e4chtigung oder generelle Beeintr\u00e4chtigung f\u00fcr Ihren Alltag und kann auch problemlos \u00fcber l\u00e4ngere Zeit [&hellip;]<\/p>\n","protected":false},"featured_media":28426,"template":"","meta":{"_acf_changed":false},"product_brand":[],"product_cat":[311],"product_tag":[],"class_list":{"0":"post-28424","1":"product","2":"type-product","3":"status-publish","4":"has-post-thumbnail","6":"product_cat-r","7":"pa_packungsgroesse-20g","9":"first","10":"instock","11":"shipping-taxable","12":"purchasable","13":"product-type-simple"},"acf":[],"_links":{"self":[{"href":"https:\/\/www.hirtenberg-apotheke.at\/katalog\/wp-json\/wp\/v2\/product\/28424","targetHints":{"allow":["GET"]}}],"collection":[{"href":"https:\/\/www.hirtenberg-apotheke.at\/katalog\/wp-json\/wp\/v2\/product"}],"about":[{"href":"https:\/\/www.hirtenberg-apotheke.at\/katalog\/wp-json\/wp\/v2\/types\/product"}],"wp:featuredmedia":[{"embeddable":true,"href":"https:\/\/www.hirtenberg-apotheke.at\/katalog\/wp-json\/wp\/v2\/media\/28426"}],"wp:attachment":[{"href":"https:\/\/www.hirtenberg-apotheke.at\/katalog\/wp-json\/wp\/v2\/media?parent=28424"}],"wp:term":[{"taxonomy":"product_brand","embeddable":true,"href":"https:\/\/www.hirtenberg-apotheke.at\/katalog\/wp-json\/wp\/v2\/product_brand?post=28424"},{"taxonomy":"product_cat","embeddable":true,"href":"https:\/\/www.hirtenberg-apotheke.at\/katalog\/wp-json\/wp\/v2\/product_cat?post=28424"},{"taxonomy":"product_tag","embeddable":true,"href":"https:\/\/www.hirtenberg-apotheke.at\/katalog\/wp-json\/wp\/v2\/product_tag?post=28424"}],"curies":[{"name":"wp","href":"https:\/\/api.w.org\/{rel}","templated":true}]}}