{"id":28476,"date":"2025-11-25T21:07:35","date_gmt":"2025-11-25T20:07:35","guid":{"rendered":"https:\/\/www.hirtenberg-apotheke.at\/katalog\/produkt\/npd-kardenwurzel-urtinktur-20-ml\/"},"modified":"2025-11-25T21:08:06","modified_gmt":"2025-11-25T20:08:06","slug":"npd-kardenwurzel-urtinktur-20-ml","status":"publish","type":"product","link":"https:\/\/www.hirtenberg-apotheke.at\/katalog\/produkt\/npd-kardenwurzel-urtinktur-20-ml\/","title":{"rendered":"NPD Kardenwurzel Urtinktur 20 ml"},"content":{"rendered":"<p>K\u00f6nnen Sie sich schwer abgrenzen? F\u00fchlen Sie sich leicht \u201e\u00fcbernommen\u201c? Stress, \u00dcberforderung oder \u00c4ngste zehren?Wer psychisch am Limit ist, hat oft auch k\u00f6rperlich die \u201eT\u00fcren\u201c offen. Die wilde Karde sch\u00fctzt und \u201ew\u00fcrzt\u201c das Milieu auf eine Art, die Eindringlinge und Eroberer nicht m\u00f6gen. Auch Zecken m\u00f6gen keine Karde, hei\u00dft es.Naturessenzen von Nuhrovia sind reine Naturprodukte, vegan, ohne Zusatzstoffe und daher besonders gut vertr\u00e4glich. Sie werden in Handarbeit aus Wildpflanzen hergestellt und \u00fcber mehrere Wochen im S\u00fcden mit Sonnenlicht angereichert, daher ihr Name \u201eSonnenhellmittel\u201c..<\/p>\n","protected":false},"excerpt":{"rendered":"<p>K\u00f6nnen Sie sich schwer abgrenzen? F\u00fchlen Sie sich leicht \u201e\u00fcbernommen\u201c? Stress, \u00dcberforderung oder \u00c4ngste zehren?Wer psychisch am Limit ist, hat oft auch k\u00f6rperlich die \u201eT\u00fcren\u201c offen. Die wilde Karde sch\u00fctzt und \u201ew\u00fcrzt\u201c das Milieu auf eine Art, die Eindringlinge und Eroberer nicht m\u00f6gen. Auch Zecken m\u00f6gen keine Karde, hei\u00dft es.Naturessenzen von Nuhrovia sind reine Naturprodukte, [&hellip;]<\/p>\n","protected":false},"featured_media":28478,"template":"","meta":{"_acf_changed":false},"product_brand":[],"product_cat":[310],"product_tag":[],"class_list":{"0":"post-28476","1":"product","2":"type-product","3":"status-publish","4":"has-post-thumbnail","6":"product_cat-n","7":"pa_packungsgroesse-20ml","9":"first","10":"instock","11":"shipping-taxable","12":"purchasable","13":"product-type-simple"},"acf":[],"_links":{"self":[{"href":"https:\/\/www.hirtenberg-apotheke.at\/katalog\/wp-json\/wp\/v2\/product\/28476","targetHints":{"allow":["GET"]}}],"collection":[{"href":"https:\/\/www.hirtenberg-apotheke.at\/katalog\/wp-json\/wp\/v2\/product"}],"about":[{"href":"https:\/\/www.hirtenberg-apotheke.at\/katalog\/wp-json\/wp\/v2\/types\/product"}],"wp:featuredmedia":[{"embeddable":true,"href":"https:\/\/www.hirtenberg-apotheke.at\/katalog\/wp-json\/wp\/v2\/media\/28478"}],"wp:attachment":[{"href":"https:\/\/www.hirtenberg-apotheke.at\/katalog\/wp-json\/wp\/v2\/media?parent=28476"}],"wp:term":[{"taxonomy":"product_brand","embeddable":true,"href":"https:\/\/www.hirtenberg-apotheke.at\/katalog\/wp-json\/wp\/v2\/product_brand?post=28476"},{"taxonomy":"product_cat","embeddable":true,"href":"https:\/\/www.hirtenberg-apotheke.at\/katalog\/wp-json\/wp\/v2\/product_cat?post=28476"},{"taxonomy":"product_tag","embeddable":true,"href":"https:\/\/www.hirtenberg-apotheke.at\/katalog\/wp-json\/wp\/v2\/product_tag?post=28476"}],"curies":[{"name":"wp","href":"https:\/\/api.w.org\/{rel}","templated":true}]}}