{"id":28485,"date":"2025-11-25T21:07:35","date_gmt":"2025-11-25T20:07:35","guid":{"rendered":"https:\/\/www.hirtenberg-apotheke.at\/katalog\/produkt\/similasan-trockene-augen-augentropfen-monodosen-10-stk\/"},"modified":"2025-11-25T21:08:08","modified_gmt":"2025-11-25T20:08:08","slug":"similasan-trockene-augen-augentropfen-monodosen-10-stk","status":"publish","type":"product","link":"https:\/\/www.hirtenberg-apotheke.at\/katalog\/produkt\/similasan-trockene-augen-augentropfen-monodosen-10-stk\/","title":{"rendered":"Similasan Trockene Augen Augentropfen Monodosen 10 Stk."},"content":{"rendered":"<p>Zur Milderung von Beschwerden, die durch eine Beeintr\u00e4chtigung des Tr\u00e4nenfilms (\u201eTrockenheit\u201c) im Auge hervorgerufen werden, so wie: Ger\u00f6tete Augenlider, Jucken oder Brennen der Augenbindeh\u00e4ute, Fremdk\u00f6rpergef\u00fchl oder Sandgef\u00fchl im Auge, Augentr\u00e4nen nach Trockenheit oder Lichtempfindlichkeit..<\/p>\n","protected":false},"excerpt":{"rendered":"<p>Zur Milderung von Beschwerden, die durch eine Beeintr\u00e4chtigung des Tr\u00e4nenfilms (\u201eTrockenheit\u201c) im Auge hervorgerufen werden, so wie: Ger\u00f6tete Augenlider, Jucken oder Brennen der Augenbindeh\u00e4ute, Fremdk\u00f6rpergef\u00fchl oder Sandgef\u00fchl im Auge, Augentr\u00e4nen nach Trockenheit oder Lichtempfindlichkeit..<\/p>\n","protected":false},"featured_media":0,"template":"","meta":{"_acf_changed":false},"product_brand":[925],"product_cat":[303],"product_tag":[],"class_list":{"0":"post-28485","1":"product","2":"type-product","3":"status-publish","5":"product_brand-similasan","6":"product_cat-s","7":"pa_packungsgroesse-10-stueck","9":"first","10":"instock","11":"shipping-taxable","12":"purchasable","13":"product-type-simple"},"acf":[],"_links":{"self":[{"href":"https:\/\/www.hirtenberg-apotheke.at\/katalog\/wp-json\/wp\/v2\/product\/28485","targetHints":{"allow":["GET"]}}],"collection":[{"href":"https:\/\/www.hirtenberg-apotheke.at\/katalog\/wp-json\/wp\/v2\/product"}],"about":[{"href":"https:\/\/www.hirtenberg-apotheke.at\/katalog\/wp-json\/wp\/v2\/types\/product"}],"wp:attachment":[{"href":"https:\/\/www.hirtenberg-apotheke.at\/katalog\/wp-json\/wp\/v2\/media?parent=28485"}],"wp:term":[{"taxonomy":"product_brand","embeddable":true,"href":"https:\/\/www.hirtenberg-apotheke.at\/katalog\/wp-json\/wp\/v2\/product_brand?post=28485"},{"taxonomy":"product_cat","embeddable":true,"href":"https:\/\/www.hirtenberg-apotheke.at\/katalog\/wp-json\/wp\/v2\/product_cat?post=28485"},{"taxonomy":"product_tag","embeddable":true,"href":"https:\/\/www.hirtenberg-apotheke.at\/katalog\/wp-json\/wp\/v2\/product_tag?post=28485"}],"curies":[{"name":"wp","href":"https:\/\/api.w.org\/{rel}","templated":true}]}}