{"id":28499,"date":"2025-11-25T21:08:16","date_gmt":"2025-11-25T20:08:16","guid":{"rendered":"https:\/\/www.hirtenberg-apotheke.at\/katalog\/produkt\/pascallerg-tabletten-100-stk\/"},"modified":"2025-11-25T21:08:18","modified_gmt":"2025-11-25T20:08:18","slug":"pascallerg-tabletten-100-stk","status":"publish","type":"product","link":"https:\/\/www.hirtenberg-apotheke.at\/katalog\/produkt\/pascallerg-tabletten-100-stk\/","title":{"rendered":"Pascallerg Tabletten 100 Stk."},"content":{"rendered":"<p>Pascallerg\u00ae ist ein hom\u00f6opathisches Arzneimittel bei Heuschnupfen. Der Wirkstoff Ameisens\u00e4ure gilt als Umstimmungsmittel das den K\u00f6rper dazu anregt, weniger sensibel auf allergische Reize zu reagieren. Die Wirkstoffe Gelsemium und Alumen chromicum eignen sich, die Heuschnupfen-Symptome zu lindern. Durch diese 3 Wirkstoffe unterst\u00fctzt Pascallerg\u00ae sowohl langfristig im Sinne einer Umstimmung als auch bei akuten Beschwerden..<\/p>\n","protected":false},"excerpt":{"rendered":"<p>Pascallerg\u00ae ist ein hom\u00f6opathisches Arzneimittel bei Heuschnupfen. Der Wirkstoff Ameisens\u00e4ure gilt als Umstimmungsmittel das den K\u00f6rper dazu anregt, weniger sensibel auf allergische Reize zu reagieren. Die Wirkstoffe Gelsemium und Alumen chromicum eignen sich, die Heuschnupfen-Symptome zu lindern. Durch diese 3 Wirkstoffe unterst\u00fctzt Pascallerg\u00ae sowohl langfristig im Sinne einer Umstimmung als auch bei akuten Beschwerden..<\/p>\n","protected":false},"featured_media":0,"template":"","meta":{"_acf_changed":false},"product_brand":[],"product_cat":[302],"product_tag":[],"class_list":{"0":"post-28499","1":"product","2":"type-product","3":"status-publish","5":"product_cat-p","6":"pa_packungsgroesse-100-stueck","8":"first","9":"instock","10":"shipping-taxable","11":"purchasable","12":"product-type-simple"},"acf":[],"_links":{"self":[{"href":"https:\/\/www.hirtenberg-apotheke.at\/katalog\/wp-json\/wp\/v2\/product\/28499","targetHints":{"allow":["GET"]}}],"collection":[{"href":"https:\/\/www.hirtenberg-apotheke.at\/katalog\/wp-json\/wp\/v2\/product"}],"about":[{"href":"https:\/\/www.hirtenberg-apotheke.at\/katalog\/wp-json\/wp\/v2\/types\/product"}],"wp:attachment":[{"href":"https:\/\/www.hirtenberg-apotheke.at\/katalog\/wp-json\/wp\/v2\/media?parent=28499"}],"wp:term":[{"taxonomy":"product_brand","embeddable":true,"href":"https:\/\/www.hirtenberg-apotheke.at\/katalog\/wp-json\/wp\/v2\/product_brand?post=28499"},{"taxonomy":"product_cat","embeddable":true,"href":"https:\/\/www.hirtenberg-apotheke.at\/katalog\/wp-json\/wp\/v2\/product_cat?post=28499"},{"taxonomy":"product_tag","embeddable":true,"href":"https:\/\/www.hirtenberg-apotheke.at\/katalog\/wp-json\/wp\/v2\/product_tag?post=28499"}],"curies":[{"name":"wp","href":"https:\/\/api.w.org\/{rel}","templated":true}]}}