{"id":28501,"date":"2025-11-25T21:08:16","date_gmt":"2025-11-25T20:08:16","guid":{"rendered":"https:\/\/www.hirtenberg-apotheke.at\/katalog\/produkt\/pascofemin-tropfen-50-ml\/"},"modified":"2025-11-25T21:08:27","modified_gmt":"2025-11-25T20:08:27","slug":"pascofemin-tropfen-50-ml","status":"publish","type":"product","link":"https:\/\/www.hirtenberg-apotheke.at\/katalog\/produkt\/pascofemin-tropfen-50-ml\/","title":{"rendered":"Pascofemin Tropfen 50 ml"},"content":{"rendered":"<p>Pascofemin Tropfen dienen zur Regulation des weiblichen Hormonhaushalts bei Zyklusst\u00f6rungen (verl\u00e4ngerte Zyklusdauer, zu schwache oder zu starke Regelblutung) und Menstruationsbeschwerden (Pr\u00e4menstruelles Syndrom), verl\u00e4ngerter Regelblutung (Menorrhagien) im Vorklimakterium und im Klimakterium (Wechseljahre) sowie bei nerv\u00f6ser Reizbarkeit und Verstimmungszust\u00e4nden  jetzt<\/p>\n","protected":false},"excerpt":{"rendered":"<p>Pascofemin Tropfen dienen zur Regulation des weiblichen Hormonhaushalts bei Zyklusst\u00f6rungen (verl\u00e4ngerte Zyklusdauer, zu schwache oder zu starke Regelblutung) und Menstruationsbeschwerden (Pr\u00e4menstruelles Syndrom), verl\u00e4ngerter Regelblutung (Menorrhagien) im Vorklimakterium und im Klimakterium (Wechseljahre) sowie bei nerv\u00f6ser Reizbarkeit und Verstimmungszust\u00e4nden jetzt<\/p>\n","protected":false},"featured_media":28503,"template":"","meta":{"_acf_changed":false},"product_brand":[],"product_cat":[302],"product_tag":[],"class_list":{"0":"post-28501","1":"product","2":"type-product","3":"status-publish","4":"has-post-thumbnail","6":"product_cat-p","7":"pa_packungsgroesse-50ml","9":"first","10":"instock","11":"shipping-taxable","12":"purchasable","13":"product-type-simple"},"acf":[],"_links":{"self":[{"href":"https:\/\/www.hirtenberg-apotheke.at\/katalog\/wp-json\/wp\/v2\/product\/28501","targetHints":{"allow":["GET"]}}],"collection":[{"href":"https:\/\/www.hirtenberg-apotheke.at\/katalog\/wp-json\/wp\/v2\/product"}],"about":[{"href":"https:\/\/www.hirtenberg-apotheke.at\/katalog\/wp-json\/wp\/v2\/types\/product"}],"wp:featuredmedia":[{"embeddable":true,"href":"https:\/\/www.hirtenberg-apotheke.at\/katalog\/wp-json\/wp\/v2\/media\/28503"}],"wp:attachment":[{"href":"https:\/\/www.hirtenberg-apotheke.at\/katalog\/wp-json\/wp\/v2\/media?parent=28501"}],"wp:term":[{"taxonomy":"product_brand","embeddable":true,"href":"https:\/\/www.hirtenberg-apotheke.at\/katalog\/wp-json\/wp\/v2\/product_brand?post=28501"},{"taxonomy":"product_cat","embeddable":true,"href":"https:\/\/www.hirtenberg-apotheke.at\/katalog\/wp-json\/wp\/v2\/product_cat?post=28501"},{"taxonomy":"product_tag","embeddable":true,"href":"https:\/\/www.hirtenberg-apotheke.at\/katalog\/wp-json\/wp\/v2\/product_tag?post=28501"}],"curies":[{"name":"wp","href":"https:\/\/api.w.org\/{rel}","templated":true}]}}