{"id":28528,"date":"2025-11-25T21:08:16","date_gmt":"2025-11-25T20:08:16","guid":{"rendered":"https:\/\/www.hirtenberg-apotheke.at\/katalog\/produkt\/weleda-essenzen-calendula-50-ml\/"},"modified":"2025-11-25T21:08:55","modified_gmt":"2025-11-25T20:08:55","slug":"weleda-essenzen-calendula-50-ml","status":"publish","type":"product","link":"https:\/\/www.hirtenberg-apotheke.at\/katalog\/produkt\/weleda-essenzen-calendula-50-ml\/","title":{"rendered":"Weleda Essenzen Calendula 50 ml"},"content":{"rendered":"<p>Weleda Calendula-Essenz dient der Reinigung und Erstversorgung von offenen Wunden. Wenn die Wundr\u00e4nder ausgefranst sind oder die Wunde eitert und schlecht heilt, wirkt Calendula-Essenz antientz\u00fcndlich und abschwellend. Sie hemmt das Wachstum von Keimen und Bakterien und f\u00f6rdert den Aufbau von neuem Gewebe..<\/p>\n","protected":false},"excerpt":{"rendered":"<p>Weleda Calendula-Essenz dient der Reinigung und Erstversorgung von offenen Wunden. Wenn die Wundr\u00e4nder ausgefranst sind oder die Wunde eitert und schlecht heilt, wirkt Calendula-Essenz antientz\u00fcndlich und abschwellend. Sie hemmt das Wachstum von Keimen und Bakterien und f\u00f6rdert den Aufbau von neuem Gewebe..<\/p>\n","protected":false},"featured_media":28530,"template":"","meta":{"_acf_changed":false},"product_brand":[554],"product_cat":[368],"product_tag":[],"class_list":{"0":"post-28528","1":"product","2":"type-product","3":"status-publish","4":"has-post-thumbnail","6":"product_brand-weleda","7":"product_cat-w","8":"pa_packungsgroesse-50ml","10":"first","11":"instock","12":"shipping-taxable","13":"purchasable","14":"product-type-simple"},"acf":[],"_links":{"self":[{"href":"https:\/\/www.hirtenberg-apotheke.at\/katalog\/wp-json\/wp\/v2\/product\/28528","targetHints":{"allow":["GET"]}}],"collection":[{"href":"https:\/\/www.hirtenberg-apotheke.at\/katalog\/wp-json\/wp\/v2\/product"}],"about":[{"href":"https:\/\/www.hirtenberg-apotheke.at\/katalog\/wp-json\/wp\/v2\/types\/product"}],"wp:featuredmedia":[{"embeddable":true,"href":"https:\/\/www.hirtenberg-apotheke.at\/katalog\/wp-json\/wp\/v2\/media\/28530"}],"wp:attachment":[{"href":"https:\/\/www.hirtenberg-apotheke.at\/katalog\/wp-json\/wp\/v2\/media?parent=28528"}],"wp:term":[{"taxonomy":"product_brand","embeddable":true,"href":"https:\/\/www.hirtenberg-apotheke.at\/katalog\/wp-json\/wp\/v2\/product_brand?post=28528"},{"taxonomy":"product_cat","embeddable":true,"href":"https:\/\/www.hirtenberg-apotheke.at\/katalog\/wp-json\/wp\/v2\/product_cat?post=28528"},{"taxonomy":"product_tag","embeddable":true,"href":"https:\/\/www.hirtenberg-apotheke.at\/katalog\/wp-json\/wp\/v2\/product_tag?post=28528"}],"curies":[{"name":"wp","href":"https:\/\/api.w.org\/{rel}","templated":true}]}}