{"id":28546,"date":"2025-11-25T21:08:16","date_gmt":"2025-11-25T20:08:16","guid":{"rendered":"https:\/\/www.hirtenberg-apotheke.at\/katalog\/produkt\/gentos-50-ml-tropfen\/"},"modified":"2025-11-25T21:09:06","modified_gmt":"2025-11-25T20:09:06","slug":"gentos-50-ml-tropfen","status":"publish","type":"product","link":"https:\/\/www.hirtenberg-apotheke.at\/katalog\/produkt\/gentos-50-ml-tropfen\/","title":{"rendered":"Gentos 50 ml Tropfen"},"content":{"rendered":"<p>GENTOS Tropfen schaffen Abhilfe bei Prostata- oder Blasenproblemen. Die nat\u00fcrlichen Wirkstoffe der S\u00e4gepalmenfr\u00fcchte f\u00fchren zu einer Normalisierung des Harndranges und reduzieren den brennenden Schmerz beim Wasserlassen. Als hom\u00f6opathisches Pr\u00e4parat eigenen sich GENTOS Tropfen hervorragend um die Beschwerden bei Blasen- und Harnwegserkrankungen auf nat\u00fcrliche Weise zu lindern. Die Fr\u00fcchte der im S\u00fcdosten der USA beheimatete S\u00e4gepalme (Serenoa repens) unterst\u00fctzen den K\u00f6rper beim Wasserlassen und nimmt das Gef\u00fchl einer unvollst\u00e4ndig entleerten Blase. Bei M\u00e4nnern werden GENTOS -Tropfen vorwiegend zur Bek\u00e4mpfung von Prostata- und Blasenerkrankungen eingesetzt. F\u00fcr Frauen mit Blasenerkrankungen haben sie eine schmerzlindernde Wirkung. Aufgrund der nat\u00fcrlichen Wirkstoffe k\u00f6nnen GENTOS -Tropfen unter geringer Reduktion der Dosis langfristig eingenommen werden und schaffen so dauerhaft Abhilfe bei chronischen Prostata- und Blasenbeschwerden..<\/p>\n","protected":false},"excerpt":{"rendered":"<p>GENTOS Tropfen schaffen Abhilfe bei Prostata- oder Blasenproblemen. Die nat\u00fcrlichen Wirkstoffe der S\u00e4gepalmenfr\u00fcchte f\u00fchren zu einer Normalisierung des Harndranges und reduzieren den brennenden Schmerz beim Wasserlassen. Als hom\u00f6opathisches Pr\u00e4parat eigenen sich GENTOS Tropfen hervorragend um die Beschwerden bei Blasen- und Harnwegserkrankungen auf nat\u00fcrliche Weise zu lindern. Die Fr\u00fcchte der im S\u00fcdosten der USA beheimatete S\u00e4gepalme [&hellip;]<\/p>\n","protected":false},"featured_media":28548,"template":"","meta":{"_acf_changed":false},"product_brand":[],"product_cat":[328],"product_tag":[],"class_list":{"0":"post-28546","1":"product","2":"type-product","3":"status-publish","4":"has-post-thumbnail","6":"product_cat-g","7":"pa_packungsgroesse-50ml","9":"first","10":"instock","11":"shipping-taxable","12":"purchasable","13":"product-type-simple"},"acf":[],"_links":{"self":[{"href":"https:\/\/www.hirtenberg-apotheke.at\/katalog\/wp-json\/wp\/v2\/product\/28546","targetHints":{"allow":["GET"]}}],"collection":[{"href":"https:\/\/www.hirtenberg-apotheke.at\/katalog\/wp-json\/wp\/v2\/product"}],"about":[{"href":"https:\/\/www.hirtenberg-apotheke.at\/katalog\/wp-json\/wp\/v2\/types\/product"}],"wp:featuredmedia":[{"embeddable":true,"href":"https:\/\/www.hirtenberg-apotheke.at\/katalog\/wp-json\/wp\/v2\/media\/28548"}],"wp:attachment":[{"href":"https:\/\/www.hirtenberg-apotheke.at\/katalog\/wp-json\/wp\/v2\/media?parent=28546"}],"wp:term":[{"taxonomy":"product_brand","embeddable":true,"href":"https:\/\/www.hirtenberg-apotheke.at\/katalog\/wp-json\/wp\/v2\/product_brand?post=28546"},{"taxonomy":"product_cat","embeddable":true,"href":"https:\/\/www.hirtenberg-apotheke.at\/katalog\/wp-json\/wp\/v2\/product_cat?post=28546"},{"taxonomy":"product_tag","embeddable":true,"href":"https:\/\/www.hirtenberg-apotheke.at\/katalog\/wp-json\/wp\/v2\/product_tag?post=28546"}],"curies":[{"name":"wp","href":"https:\/\/api.w.org\/{rel}","templated":true}]}}