{"id":28550,"date":"2025-11-25T21:08:16","date_gmt":"2025-11-25T20:08:16","guid":{"rendered":"https:\/\/www.hirtenberg-apotheke.at\/katalog\/produkt\/weleda-birkenkohle-cp-kapseln-20-stk\/"},"modified":"2025-11-25T21:09:15","modified_gmt":"2025-11-25T20:09:15","slug":"weleda-birkenkohle-cp-kapseln-20-stk","status":"publish","type":"product","link":"https:\/\/www.hirtenberg-apotheke.at\/katalog\/produkt\/weleda-birkenkohle-cp-kapseln-20-stk\/","title":{"rendered":"Weleda Birkenkohle CP Kapseln 20 Stk."},"content":{"rendered":"<p>Birkenkohle Weleda CP Kapseln helfen Ihnen, wenn Sie an Magen-Darm-Problemen infolge einer Infektion oder verdorbenen Essens leiden. Die Kohle bindet Giftstoffe und Krankheitserreger und macht sie dadurch unsch\u00e4dlich. Antimonit unterst\u00fctzt den Darm bei der Wiederherstellung seiner grenzbildenden Funktion und vermindert dadurch auftretende Durchf\u00e4lle.<\/p>\n","protected":false},"excerpt":{"rendered":"<p>Birkenkohle Weleda CP Kapseln helfen Ihnen, wenn Sie an Magen-Darm-Problemen infolge einer Infektion oder verdorbenen Essens leiden. Die Kohle bindet Giftstoffe und Krankheitserreger und macht sie dadurch unsch\u00e4dlich. Antimonit unterst\u00fctzt den Darm bei der Wiederherstellung seiner grenzbildenden Funktion und vermindert dadurch auftretende Durchf\u00e4lle.<\/p>\n","protected":false},"featured_media":28552,"template":"","meta":{"_acf_changed":false},"product_brand":[554],"product_cat":[368],"product_tag":[],"class_list":{"0":"post-28550","1":"product","2":"type-product","3":"status-publish","4":"has-post-thumbnail","6":"product_brand-weleda","7":"product_cat-w","8":"pa_packungsgroesse-20-stueck","10":"first","11":"instock","12":"shipping-taxable","13":"purchasable","14":"product-type-simple"},"acf":[],"_links":{"self":[{"href":"https:\/\/www.hirtenberg-apotheke.at\/katalog\/wp-json\/wp\/v2\/product\/28550","targetHints":{"allow":["GET"]}}],"collection":[{"href":"https:\/\/www.hirtenberg-apotheke.at\/katalog\/wp-json\/wp\/v2\/product"}],"about":[{"href":"https:\/\/www.hirtenberg-apotheke.at\/katalog\/wp-json\/wp\/v2\/types\/product"}],"wp:featuredmedia":[{"embeddable":true,"href":"https:\/\/www.hirtenberg-apotheke.at\/katalog\/wp-json\/wp\/v2\/media\/28552"}],"wp:attachment":[{"href":"https:\/\/www.hirtenberg-apotheke.at\/katalog\/wp-json\/wp\/v2\/media?parent=28550"}],"wp:term":[{"taxonomy":"product_brand","embeddable":true,"href":"https:\/\/www.hirtenberg-apotheke.at\/katalog\/wp-json\/wp\/v2\/product_brand?post=28550"},{"taxonomy":"product_cat","embeddable":true,"href":"https:\/\/www.hirtenberg-apotheke.at\/katalog\/wp-json\/wp\/v2\/product_cat?post=28550"},{"taxonomy":"product_tag","embeddable":true,"href":"https:\/\/www.hirtenberg-apotheke.at\/katalog\/wp-json\/wp\/v2\/product_tag?post=28550"}],"curies":[{"name":"wp","href":"https:\/\/api.w.org\/{rel}","templated":true}]}}