{"id":28616,"date":"2025-11-25T21:10:21","date_gmt":"2025-11-25T20:10:21","guid":{"rendered":"https:\/\/www.hirtenberg-apotheke.at\/katalog\/produkt\/wala-calcium-quercus-globuli-velati-20-g\/"},"modified":"2025-11-25T21:10:31","modified_gmt":"2025-11-25T20:10:31","slug":"wala-calcium-quercus-globuli-velati-20-g","status":"publish","type":"product","link":"https:\/\/www.hirtenberg-apotheke.at\/katalog\/produkt\/wala-calcium-quercus-globuli-velati-20-g\/","title":{"rendered":"Wala Calcium Quercus Globuli Velati 20 g"},"content":{"rendered":"<p>Wala Calcium Quercus Globuli Velati dienen der Anregung der Ich-Organisation bei dystop eingreifender Empfindungsorganisation mit St\u00f6rungen des Aufbaustoffwechsels. So wird das Produkt etwa bei Allergien, Ekzemen, Hautentz\u00fcndungen oder auch \u00fcberm\u00e4\u00dfigen Regelblutungen eingesetzt.<\/p>\n","protected":false},"excerpt":{"rendered":"<p>Wala Calcium Quercus Globuli Velati dienen der Anregung der Ich-Organisation bei dystop eingreifender Empfindungsorganisation mit St\u00f6rungen des Aufbaustoffwechsels. So wird das Produkt etwa bei Allergien, Ekzemen, Hautentz\u00fcndungen oder auch \u00fcberm\u00e4\u00dfigen Regelblutungen eingesetzt.<\/p>\n","protected":false},"featured_media":28618,"template":"","meta":{"_acf_changed":false},"product_brand":[857],"product_cat":[368],"product_tag":[],"class_list":{"0":"post-28616","1":"product","2":"type-product","3":"status-publish","4":"has-post-thumbnail","6":"product_brand-wala","7":"product_cat-w","8":"pa_packungsgroesse-20g","10":"first","11":"instock","12":"shipping-taxable","13":"purchasable","14":"product-type-simple"},"acf":[],"_links":{"self":[{"href":"https:\/\/www.hirtenberg-apotheke.at\/katalog\/wp-json\/wp\/v2\/product\/28616","targetHints":{"allow":["GET"]}}],"collection":[{"href":"https:\/\/www.hirtenberg-apotheke.at\/katalog\/wp-json\/wp\/v2\/product"}],"about":[{"href":"https:\/\/www.hirtenberg-apotheke.at\/katalog\/wp-json\/wp\/v2\/types\/product"}],"wp:featuredmedia":[{"embeddable":true,"href":"https:\/\/www.hirtenberg-apotheke.at\/katalog\/wp-json\/wp\/v2\/media\/28618"}],"wp:attachment":[{"href":"https:\/\/www.hirtenberg-apotheke.at\/katalog\/wp-json\/wp\/v2\/media?parent=28616"}],"wp:term":[{"taxonomy":"product_brand","embeddable":true,"href":"https:\/\/www.hirtenberg-apotheke.at\/katalog\/wp-json\/wp\/v2\/product_brand?post=28616"},{"taxonomy":"product_cat","embeddable":true,"href":"https:\/\/www.hirtenberg-apotheke.at\/katalog\/wp-json\/wp\/v2\/product_cat?post=28616"},{"taxonomy":"product_tag","embeddable":true,"href":"https:\/\/www.hirtenberg-apotheke.at\/katalog\/wp-json\/wp\/v2\/product_tag?post=28616"}],"curies":[{"name":"wp","href":"https:\/\/api.w.org\/{rel}","templated":true}]}}