{"id":28680,"date":"2025-11-25T21:11:13","date_gmt":"2025-11-25T20:11:13","guid":{"rendered":"https:\/\/www.hirtenberg-apotheke.at\/katalog\/produkt\/phoenix-phoenohepan-tropfen-100-ml\/"},"modified":"2025-11-25T21:11:37","modified_gmt":"2025-11-25T20:11:37","slug":"phoenix-phoenohepan-tropfen-100-ml","status":"publish","type":"product","link":"https:\/\/www.hirtenberg-apotheke.at\/katalog\/produkt\/phoenix-phoenohepan-tropfen-100-ml\/","title":{"rendered":"Ph\u00f6nix Ph\u00f6nohepan Tropfen 100 ml"},"content":{"rendered":"<p>Ph\u00f6nix Ph\u00f6nohepan Tropfen hilft bei der Anregung der Leberfunktion bei Magen-Darmkrankheiten, Verdauungsst\u00f6rungen und Leberkrankheiten sowie bei infekti\u00f6sen und entz\u00fcndlichen Erkrankungen<\/p>\n","protected":false},"excerpt":{"rendered":"<p>Ph\u00f6nix Ph\u00f6nohepan Tropfen hilft bei der Anregung der Leberfunktion bei Magen-Darmkrankheiten, Verdauungsst\u00f6rungen und Leberkrankheiten sowie bei infekti\u00f6sen und entz\u00fcndlichen Erkrankungen<\/p>\n","protected":false},"featured_media":28682,"template":"","meta":{"_acf_changed":false},"product_brand":[],"product_cat":[302],"product_tag":[],"class_list":{"0":"post-28680","1":"product","2":"type-product","3":"status-publish","4":"has-post-thumbnail","6":"product_cat-p","7":"pa_packungsgroesse-100ml","9":"first","10":"instock","11":"shipping-taxable","12":"purchasable","13":"product-type-simple"},"acf":[],"_links":{"self":[{"href":"https:\/\/www.hirtenberg-apotheke.at\/katalog\/wp-json\/wp\/v2\/product\/28680","targetHints":{"allow":["GET"]}}],"collection":[{"href":"https:\/\/www.hirtenberg-apotheke.at\/katalog\/wp-json\/wp\/v2\/product"}],"about":[{"href":"https:\/\/www.hirtenberg-apotheke.at\/katalog\/wp-json\/wp\/v2\/types\/product"}],"wp:featuredmedia":[{"embeddable":true,"href":"https:\/\/www.hirtenberg-apotheke.at\/katalog\/wp-json\/wp\/v2\/media\/28682"}],"wp:attachment":[{"href":"https:\/\/www.hirtenberg-apotheke.at\/katalog\/wp-json\/wp\/v2\/media?parent=28680"}],"wp:term":[{"taxonomy":"product_brand","embeddable":true,"href":"https:\/\/www.hirtenberg-apotheke.at\/katalog\/wp-json\/wp\/v2\/product_brand?post=28680"},{"taxonomy":"product_cat","embeddable":true,"href":"https:\/\/www.hirtenberg-apotheke.at\/katalog\/wp-json\/wp\/v2\/product_cat?post=28680"},{"taxonomy":"product_tag","embeddable":true,"href":"https:\/\/www.hirtenberg-apotheke.at\/katalog\/wp-json\/wp\/v2\/product_tag?post=28680"}],"curies":[{"name":"wp","href":"https:\/\/api.w.org\/{rel}","templated":true}]}}