{"id":28711,"date":"2025-11-25T21:11:13","date_gmt":"2025-11-25T20:11:13","guid":{"rendered":"https:\/\/www.hirtenberg-apotheke.at\/katalog\/produkt\/espara-grapefruitkern-alchemistische-essenz-30-ml\/"},"modified":"2025-11-25T21:12:00","modified_gmt":"2025-11-25T20:12:00","slug":"espara-grapefruitkern-alchemistische-essenz-30-ml","status":"publish","type":"product","link":"https:\/\/www.hirtenberg-apotheke.at\/katalog\/produkt\/espara-grapefruitkern-alchemistische-essenz-30-ml\/","title":{"rendered":"Espara Grapefruitkern Alchemistische Essenz 30 ml"},"content":{"rendered":"<p>Nahrungserg\u00e4nzungsmittel mit Grapefruitkern-Destillat  hergestellt nach einem speziellen, auf Paracelsus zur\u00fcckgehenden Verfahren. Grapefruitkern ist bekannt f\u00fcr den positiven Einfluss auf das Immunsystem. Alk. 16 % vol<\/p>\n","protected":false},"excerpt":{"rendered":"<p>Nahrungserg\u00e4nzungsmittel mit Grapefruitkern-Destillat hergestellt nach einem speziellen, auf Paracelsus zur\u00fcckgehenden Verfahren. Grapefruitkern ist bekannt f\u00fcr den positiven Einfluss auf das Immunsystem. Alk. 16 % vol<\/p>\n","protected":false},"featured_media":0,"template":"","meta":{"_acf_changed":false},"product_brand":[341],"product_cat":[307],"product_tag":[],"class_list":{"0":"post-28711","1":"product","2":"type-product","3":"status-publish","5":"product_brand-espara","6":"product_cat-e","7":"pa_packungsgroesse-30ml","9":"first","10":"instock","11":"shipping-taxable","12":"purchasable","13":"product-type-simple"},"acf":[],"_links":{"self":[{"href":"https:\/\/www.hirtenberg-apotheke.at\/katalog\/wp-json\/wp\/v2\/product\/28711","targetHints":{"allow":["GET"]}}],"collection":[{"href":"https:\/\/www.hirtenberg-apotheke.at\/katalog\/wp-json\/wp\/v2\/product"}],"about":[{"href":"https:\/\/www.hirtenberg-apotheke.at\/katalog\/wp-json\/wp\/v2\/types\/product"}],"wp:attachment":[{"href":"https:\/\/www.hirtenberg-apotheke.at\/katalog\/wp-json\/wp\/v2\/media?parent=28711"}],"wp:term":[{"taxonomy":"product_brand","embeddable":true,"href":"https:\/\/www.hirtenberg-apotheke.at\/katalog\/wp-json\/wp\/v2\/product_brand?post=28711"},{"taxonomy":"product_cat","embeddable":true,"href":"https:\/\/www.hirtenberg-apotheke.at\/katalog\/wp-json\/wp\/v2\/product_cat?post=28711"},{"taxonomy":"product_tag","embeddable":true,"href":"https:\/\/www.hirtenberg-apotheke.at\/katalog\/wp-json\/wp\/v2\/product_tag?post=28711"}],"curies":[{"name":"wp","href":"https:\/\/api.w.org\/{rel}","templated":true}]}}