{"id":28833,"date":"2025-11-25T21:13:46","date_gmt":"2025-11-25T20:13:46","guid":{"rendered":"https:\/\/www.hirtenberg-apotheke.at\/katalog\/produkt\/cefavertigo-tabletten-60-stk\/"},"modified":"2025-11-25T21:13:50","modified_gmt":"2025-11-25T20:13:50","slug":"cefavertigo-tabletten-60-stk","status":"publish","type":"product","link":"https:\/\/www.hirtenberg-apotheke.at\/katalog\/produkt\/cefavertigo-tabletten-60-stk\/","title":{"rendered":"Cefavertigo Tabletten 60 Stk."},"content":{"rendered":"<p>Cefavertigo Tabletten sind ein hom\u00f6opathisches Arzneimittel und werden bei Schwindelgef\u00fchlen unterschiedlicher Ursache angewendet. Die beste Wirkung des Produktes erhalten Sie, wenn Sie bei akuten Zust\u00e4nden alle halbe bis ganze Stunden, jedoch h\u00f6chstens 6-mal t\u00e4glich, je 1 Tablette einnehmen.<\/p>\n","protected":false},"excerpt":{"rendered":"<p>Cefavertigo Tabletten sind ein hom\u00f6opathisches Arzneimittel und werden bei Schwindelgef\u00fchlen unterschiedlicher Ursache angewendet. Die beste Wirkung des Produktes erhalten Sie, wenn Sie bei akuten Zust\u00e4nden alle halbe bis ganze Stunden, jedoch h\u00f6chstens 6-mal t\u00e4glich, je 1 Tablette einnehmen.<\/p>\n","protected":false},"featured_media":28835,"template":"","meta":{"_acf_changed":false},"product_brand":[],"product_cat":[337],"product_tag":[],"class_list":{"0":"post-28833","1":"product","2":"type-product","3":"status-publish","4":"has-post-thumbnail","6":"product_cat-c","7":"pa_packungsgroesse-60-stueck","9":"first","10":"instock","11":"shipping-taxable","12":"purchasable","13":"product-type-simple"},"acf":[],"_links":{"self":[{"href":"https:\/\/www.hirtenberg-apotheke.at\/katalog\/wp-json\/wp\/v2\/product\/28833","targetHints":{"allow":["GET"]}}],"collection":[{"href":"https:\/\/www.hirtenberg-apotheke.at\/katalog\/wp-json\/wp\/v2\/product"}],"about":[{"href":"https:\/\/www.hirtenberg-apotheke.at\/katalog\/wp-json\/wp\/v2\/types\/product"}],"wp:featuredmedia":[{"embeddable":true,"href":"https:\/\/www.hirtenberg-apotheke.at\/katalog\/wp-json\/wp\/v2\/media\/28835"}],"wp:attachment":[{"href":"https:\/\/www.hirtenberg-apotheke.at\/katalog\/wp-json\/wp\/v2\/media?parent=28833"}],"wp:term":[{"taxonomy":"product_brand","embeddable":true,"href":"https:\/\/www.hirtenberg-apotheke.at\/katalog\/wp-json\/wp\/v2\/product_brand?post=28833"},{"taxonomy":"product_cat","embeddable":true,"href":"https:\/\/www.hirtenberg-apotheke.at\/katalog\/wp-json\/wp\/v2\/product_cat?post=28833"},{"taxonomy":"product_tag","embeddable":true,"href":"https:\/\/www.hirtenberg-apotheke.at\/katalog\/wp-json\/wp\/v2\/product_tag?post=28833"}],"curies":[{"name":"wp","href":"https:\/\/api.w.org\/{rel}","templated":true}]}}