{"id":28929,"date":"2025-11-25T21:15:11","date_gmt":"2025-11-25T20:15:11","guid":{"rendered":"https:\/\/www.hirtenberg-apotheke.at\/katalog\/produkt\/wala-robinia-comp-globuli-20-g\/"},"modified":"2025-11-25T21:15:13","modified_gmt":"2025-11-25T20:15:13","slug":"wala-robinia-comp-globuli-20-g","status":"publish","type":"product","link":"https:\/\/www.hirtenberg-apotheke.at\/katalog\/produkt\/wala-robinia-comp-globuli-20-g\/","title":{"rendered":"Wala Robinia Comp. Globuli 20 g"},"content":{"rendered":"<p>Wala Robinia Comp. Globuli dienen der Harmonisierung von Sekretion und Motilit\u00e4t im oberen Verdauungstrakt. So kommt das Produkt etwa bei Sodbrennen, \u00dcbers\u00e4uerung des Magensaftes und Geschw\u00fcren im Verdauungstrakt zum Einsatz.<\/p>\n","protected":false},"excerpt":{"rendered":"<p>Wala Robinia Comp. Globuli dienen der Harmonisierung von Sekretion und Motilit\u00e4t im oberen Verdauungstrakt. So kommt das Produkt etwa bei Sodbrennen, \u00dcbers\u00e4uerung des Magensaftes und Geschw\u00fcren im Verdauungstrakt zum Einsatz.<\/p>\n","protected":false},"featured_media":28931,"template":"","meta":{"_acf_changed":false},"product_brand":[857],"product_cat":[368],"product_tag":[],"class_list":{"0":"post-28929","1":"product","2":"type-product","3":"status-publish","4":"has-post-thumbnail","6":"product_brand-wala","7":"product_cat-w","8":"pa_packungsgroesse-20g","10":"first","11":"instock","12":"shipping-taxable","13":"purchasable","14":"product-type-simple"},"acf":[],"_links":{"self":[{"href":"https:\/\/www.hirtenberg-apotheke.at\/katalog\/wp-json\/wp\/v2\/product\/28929","targetHints":{"allow":["GET"]}}],"collection":[{"href":"https:\/\/www.hirtenberg-apotheke.at\/katalog\/wp-json\/wp\/v2\/product"}],"about":[{"href":"https:\/\/www.hirtenberg-apotheke.at\/katalog\/wp-json\/wp\/v2\/types\/product"}],"wp:featuredmedia":[{"embeddable":true,"href":"https:\/\/www.hirtenberg-apotheke.at\/katalog\/wp-json\/wp\/v2\/media\/28931"}],"wp:attachment":[{"href":"https:\/\/www.hirtenberg-apotheke.at\/katalog\/wp-json\/wp\/v2\/media?parent=28929"}],"wp:term":[{"taxonomy":"product_brand","embeddable":true,"href":"https:\/\/www.hirtenberg-apotheke.at\/katalog\/wp-json\/wp\/v2\/product_brand?post=28929"},{"taxonomy":"product_cat","embeddable":true,"href":"https:\/\/www.hirtenberg-apotheke.at\/katalog\/wp-json\/wp\/v2\/product_cat?post=28929"},{"taxonomy":"product_tag","embeddable":true,"href":"https:\/\/www.hirtenberg-apotheke.at\/katalog\/wp-json\/wp\/v2\/product_tag?post=28929"}],"curies":[{"name":"wp","href":"https:\/\/api.w.org\/{rel}","templated":true}]}}