{"id":28962,"date":"2025-11-25T21:15:11","date_gmt":"2025-11-25T20:15:11","guid":{"rendered":"https:\/\/www.hirtenberg-apotheke.at\/katalog\/produkt\/bronchiselect-tropfen-30-ml\/"},"modified":"2025-11-25T21:15:39","modified_gmt":"2025-11-25T20:15:39","slug":"bronchiselect-tropfen-30-ml","status":"publish","type":"product","link":"https:\/\/www.hirtenberg-apotheke.at\/katalog\/produkt\/bronchiselect-tropfen-30-ml\/","title":{"rendered":"Bronchiselect Tropfen 30 ml"},"content":{"rendered":"<p>Bronchiselect \u2013 die hom\u00f6opathische Hilfe bei Husten und Katarrhen \u2013 unterst\u00fctzt die k\u00f6rpereigenen Abwehrkr\u00e4fte und hat ein breites Wirkungsspektrum im Bereich des Rachens und der Bronchien.<\/p>\n","protected":false},"excerpt":{"rendered":"<p>Bronchiselect \u2013 die hom\u00f6opathische Hilfe bei Husten und Katarrhen \u2013 unterst\u00fctzt die k\u00f6rpereigenen Abwehrkr\u00e4fte und hat ein breites Wirkungsspektrum im Bereich des Rachens und der Bronchien.<\/p>\n","protected":false},"featured_media":0,"template":"","meta":{"_acf_changed":false},"product_brand":[],"product_cat":[292],"product_tag":[],"class_list":{"0":"post-28962","1":"product","2":"type-product","3":"status-publish","5":"product_cat-b","6":"pa_packungsgroesse-30ml","8":"first","9":"instock","10":"shipping-taxable","11":"purchasable","12":"product-type-simple"},"acf":[],"_links":{"self":[{"href":"https:\/\/www.hirtenberg-apotheke.at\/katalog\/wp-json\/wp\/v2\/product\/28962","targetHints":{"allow":["GET"]}}],"collection":[{"href":"https:\/\/www.hirtenberg-apotheke.at\/katalog\/wp-json\/wp\/v2\/product"}],"about":[{"href":"https:\/\/www.hirtenberg-apotheke.at\/katalog\/wp-json\/wp\/v2\/types\/product"}],"wp:attachment":[{"href":"https:\/\/www.hirtenberg-apotheke.at\/katalog\/wp-json\/wp\/v2\/media?parent=28962"}],"wp:term":[{"taxonomy":"product_brand","embeddable":true,"href":"https:\/\/www.hirtenberg-apotheke.at\/katalog\/wp-json\/wp\/v2\/product_brand?post=28962"},{"taxonomy":"product_cat","embeddable":true,"href":"https:\/\/www.hirtenberg-apotheke.at\/katalog\/wp-json\/wp\/v2\/product_cat?post=28962"},{"taxonomy":"product_tag","embeddable":true,"href":"https:\/\/www.hirtenberg-apotheke.at\/katalog\/wp-json\/wp\/v2\/product_tag?post=28962"}],"curies":[{"name":"wp","href":"https:\/\/api.w.org\/{rel}","templated":true}]}}