{"id":28985,"date":"2025-11-25T21:15:44","date_gmt":"2025-11-25T20:15:44","guid":{"rendered":"https:\/\/www.hirtenberg-apotheke.at\/katalog\/produkt\/espara-rotes-weinlaub-alchemistische-essenz-30-ml\/"},"modified":"2025-11-25T21:16:07","modified_gmt":"2025-11-25T20:16:07","slug":"espara-rotes-weinlaub-alchemistische-essenz-30-ml","status":"publish","type":"product","link":"https:\/\/www.hirtenberg-apotheke.at\/katalog\/produkt\/espara-rotes-weinlaub-alchemistische-essenz-30-ml\/","title":{"rendered":"Espara Rotes Weinlaub Alchemistische Essenz 30 ml"},"content":{"rendered":"<p>Nahrungserg\u00e4nzungsmittel mit Rotes-Weinlaub-Destillat  hergestellt nach einem speziellen, auf Paracelsus zur\u00fcckgehenden Verfahren.Rotes Weinlaub wird aufgrund des g\u00fcnstigen Einflusses auf die Venen gesch\u00e4tzt. Alk. 16 % vol.<\/p>\n","protected":false},"excerpt":{"rendered":"<p>Nahrungserg\u00e4nzungsmittel mit Rotes-Weinlaub-Destillat hergestellt nach einem speziellen, auf Paracelsus zur\u00fcckgehenden Verfahren.Rotes Weinlaub wird aufgrund des g\u00fcnstigen Einflusses auf die Venen gesch\u00e4tzt. Alk. 16 % vol.<\/p>\n","protected":false},"featured_media":28987,"template":"","meta":{"_acf_changed":false},"product_brand":[341],"product_cat":[307],"product_tag":[],"class_list":{"0":"post-28985","1":"product","2":"type-product","3":"status-publish","4":"has-post-thumbnail","6":"product_brand-espara","7":"product_cat-e","8":"pa_packungsgroesse-30ml","10":"first","11":"instock","12":"shipping-taxable","13":"purchasable","14":"product-type-simple"},"acf":[],"_links":{"self":[{"href":"https:\/\/www.hirtenberg-apotheke.at\/katalog\/wp-json\/wp\/v2\/product\/28985","targetHints":{"allow":["GET"]}}],"collection":[{"href":"https:\/\/www.hirtenberg-apotheke.at\/katalog\/wp-json\/wp\/v2\/product"}],"about":[{"href":"https:\/\/www.hirtenberg-apotheke.at\/katalog\/wp-json\/wp\/v2\/types\/product"}],"wp:featuredmedia":[{"embeddable":true,"href":"https:\/\/www.hirtenberg-apotheke.at\/katalog\/wp-json\/wp\/v2\/media\/28987"}],"wp:attachment":[{"href":"https:\/\/www.hirtenberg-apotheke.at\/katalog\/wp-json\/wp\/v2\/media?parent=28985"}],"wp:term":[{"taxonomy":"product_brand","embeddable":true,"href":"https:\/\/www.hirtenberg-apotheke.at\/katalog\/wp-json\/wp\/v2\/product_brand?post=28985"},{"taxonomy":"product_cat","embeddable":true,"href":"https:\/\/www.hirtenberg-apotheke.at\/katalog\/wp-json\/wp\/v2\/product_cat?post=28985"},{"taxonomy":"product_tag","embeddable":true,"href":"https:\/\/www.hirtenberg-apotheke.at\/katalog\/wp-json\/wp\/v2\/product_tag?post=28985"}],"curies":[{"name":"wp","href":"https:\/\/api.w.org\/{rel}","templated":true}]}}