{"id":29024,"date":"2025-11-25T21:15:44","date_gmt":"2025-11-25T20:15:44","guid":{"rendered":"https:\/\/www.hirtenberg-apotheke.at\/katalog\/produkt\/regenaplex-haut-fluid-w-lsg-100-ml\/"},"modified":"2025-11-25T21:16:35","modified_gmt":"2025-11-25T20:16:35","slug":"regenaplex-haut-fluid-w-lsg-100-ml","status":"publish","type":"product","link":"https:\/\/www.hirtenberg-apotheke.at\/katalog\/produkt\/regenaplex-haut-fluid-w-lsg-100-ml\/","title":{"rendered":"Regenaplex Haut-Fluid-W-Lsg 100 ml"},"content":{"rendered":"<p>Regenaplex Haut-Fluid-W dient zur \u00e4u\u00dferlichen Anwendung bei allgemeiner Wundbehandlung, speziell bei Verbrennungen, Insektenstichen oder Hautabsch\u00fcrfungen. Die quasi nach einem Baukastensystem zusammengestellten Regenaplexe sind hom\u00f6opathische Komplexmittel mit jeweiligen Nummernbezeichnungen.<\/p>\n","protected":false},"excerpt":{"rendered":"<p>Regenaplex Haut-Fluid-W dient zur \u00e4u\u00dferlichen Anwendung bei allgemeiner Wundbehandlung, speziell bei Verbrennungen, Insektenstichen oder Hautabsch\u00fcrfungen. Die quasi nach einem Baukastensystem zusammengestellten Regenaplexe sind hom\u00f6opathische Komplexmittel mit jeweiligen Nummernbezeichnungen.<\/p>\n","protected":false},"featured_media":29026,"template":"","meta":{"_acf_changed":false},"product_brand":[],"product_cat":[311],"product_tag":[],"class_list":{"0":"post-29024","1":"product","2":"type-product","3":"status-publish","4":"has-post-thumbnail","6":"product_cat-r","7":"pa_packungsgroesse-100ml","9":"first","10":"instock","11":"shipping-taxable","12":"purchasable","13":"product-type-simple"},"acf":[],"_links":{"self":[{"href":"https:\/\/www.hirtenberg-apotheke.at\/katalog\/wp-json\/wp\/v2\/product\/29024","targetHints":{"allow":["GET"]}}],"collection":[{"href":"https:\/\/www.hirtenberg-apotheke.at\/katalog\/wp-json\/wp\/v2\/product"}],"about":[{"href":"https:\/\/www.hirtenberg-apotheke.at\/katalog\/wp-json\/wp\/v2\/types\/product"}],"wp:featuredmedia":[{"embeddable":true,"href":"https:\/\/www.hirtenberg-apotheke.at\/katalog\/wp-json\/wp\/v2\/media\/29026"}],"wp:attachment":[{"href":"https:\/\/www.hirtenberg-apotheke.at\/katalog\/wp-json\/wp\/v2\/media?parent=29024"}],"wp:term":[{"taxonomy":"product_brand","embeddable":true,"href":"https:\/\/www.hirtenberg-apotheke.at\/katalog\/wp-json\/wp\/v2\/product_brand?post=29024"},{"taxonomy":"product_cat","embeddable":true,"href":"https:\/\/www.hirtenberg-apotheke.at\/katalog\/wp-json\/wp\/v2\/product_cat?post=29024"},{"taxonomy":"product_tag","embeddable":true,"href":"https:\/\/www.hirtenberg-apotheke.at\/katalog\/wp-json\/wp\/v2\/product_tag?post=29024"}],"curies":[{"name":"wp","href":"https:\/\/api.w.org\/{rel}","templated":true}]}}