{"id":29233,"date":"2025-11-25T21:19:59","date_gmt":"2025-11-25T20:19:59","guid":{"rendered":"https:\/\/www.hirtenberg-apotheke.at\/katalog\/produkt\/korolen-kraeuterextrakt-tropfen-30-ml\/"},"modified":"2025-11-25T21:20:08","modified_gmt":"2025-11-25T20:20:08","slug":"korolen-kraeuterextrakt-tropfen-30-ml","status":"publish","type":"product","link":"https:\/\/www.hirtenberg-apotheke.at\/katalog\/produkt\/korolen-kraeuterextrakt-tropfen-30-ml\/","title":{"rendered":"Korolen Kr\u00e4uterextrakt Tropfen 30 ml"},"content":{"rendered":"<p>Korolen Kr\u00e4uterextrakt Tropfen st\u00e4rken und harmonisieren das Feuer-Element mit seinen Hauptfunktionsgruppen Herz und D\u00fcnndarm, aber auch Herzbeutel und Dreichfach Erw\u00e4rmer.<\/p>\n","protected":false},"excerpt":{"rendered":"<p>Korolen Kr\u00e4uterextrakt Tropfen st\u00e4rken und harmonisieren das Feuer-Element mit seinen Hauptfunktionsgruppen Herz und D\u00fcnndarm, aber auch Herzbeutel und Dreichfach Erw\u00e4rmer.<\/p>\n","protected":false},"featured_media":29235,"template":"","meta":{"_acf_changed":false},"product_brand":[],"product_cat":[387],"product_tag":[],"class_list":{"0":"post-29233","1":"product","2":"type-product","3":"status-publish","4":"has-post-thumbnail","6":"product_cat-k","7":"pa_packungsgroesse-30ml","9":"first","10":"instock","11":"shipping-taxable","12":"purchasable","13":"product-type-simple"},"acf":[],"_links":{"self":[{"href":"https:\/\/www.hirtenberg-apotheke.at\/katalog\/wp-json\/wp\/v2\/product\/29233","targetHints":{"allow":["GET"]}}],"collection":[{"href":"https:\/\/www.hirtenberg-apotheke.at\/katalog\/wp-json\/wp\/v2\/product"}],"about":[{"href":"https:\/\/www.hirtenberg-apotheke.at\/katalog\/wp-json\/wp\/v2\/types\/product"}],"wp:featuredmedia":[{"embeddable":true,"href":"https:\/\/www.hirtenberg-apotheke.at\/katalog\/wp-json\/wp\/v2\/media\/29235"}],"wp:attachment":[{"href":"https:\/\/www.hirtenberg-apotheke.at\/katalog\/wp-json\/wp\/v2\/media?parent=29233"}],"wp:term":[{"taxonomy":"product_brand","embeddable":true,"href":"https:\/\/www.hirtenberg-apotheke.at\/katalog\/wp-json\/wp\/v2\/product_brand?post=29233"},{"taxonomy":"product_cat","embeddable":true,"href":"https:\/\/www.hirtenberg-apotheke.at\/katalog\/wp-json\/wp\/v2\/product_cat?post=29233"},{"taxonomy":"product_tag","embeddable":true,"href":"https:\/\/www.hirtenberg-apotheke.at\/katalog\/wp-json\/wp\/v2\/product_tag?post=29233"}],"curies":[{"name":"wp","href":"https:\/\/api.w.org\/{rel}","templated":true}]}}