{"id":29240,"date":"2025-11-25T21:19:59","date_gmt":"2025-11-25T20:19:59","guid":{"rendered":"https:\/\/www.hirtenberg-apotheke.at\/katalog\/produkt\/regenaplex-haut-fluid-g-lsg-100-ml\/"},"modified":"2025-11-25T21:20:12","modified_gmt":"2025-11-25T20:20:12","slug":"regenaplex-haut-fluid-g-lsg-100-ml","status":"publish","type":"product","link":"https:\/\/www.hirtenberg-apotheke.at\/katalog\/produkt\/regenaplex-haut-fluid-g-lsg-100-ml\/","title":{"rendered":"Regenaplex Haut-Fluid-G-Lsg 100 ml"},"content":{"rendered":"<p>Regenaplex Haut-Fluid-G dient zur \u00e4u\u00dferlichen Anwendung u.a. bei allgemeinen Entz\u00fcndungen, Hautunreinheiten (z.B.: Akne, Flechten, Mykosen, oder Milchschorf), sowie Sonnenbrand. Die quasi nach einem Baukastensystem zusammengestellten Regenaplexe sind hom\u00f6opathische Komplexmittel mit jeweiligen Nummernbezeichnungen &#8211;  dieses und weitere Produkte von Regenaplex mit hohem Rabatt bestellen!<\/p>\n","protected":false},"excerpt":{"rendered":"<p>Regenaplex Haut-Fluid-G dient zur \u00e4u\u00dferlichen Anwendung u.a. bei allgemeinen Entz\u00fcndungen, Hautunreinheiten (z.B.: Akne, Flechten, Mykosen, oder Milchschorf), sowie Sonnenbrand. Die quasi nach einem Baukastensystem zusammengestellten Regenaplexe sind hom\u00f6opathische Komplexmittel mit jeweiligen Nummernbezeichnungen &#8211; dieses und weitere Produkte von Regenaplex mit hohem Rabatt bestellen!<\/p>\n","protected":false},"featured_media":29242,"template":"","meta":{"_acf_changed":false},"product_brand":[],"product_cat":[311],"product_tag":[],"class_list":{"0":"post-29240","1":"product","2":"type-product","3":"status-publish","4":"has-post-thumbnail","6":"product_cat-r","7":"pa_packungsgroesse-100ml","9":"first","10":"instock","11":"shipping-taxable","12":"purchasable","13":"product-type-simple"},"acf":[],"_links":{"self":[{"href":"https:\/\/www.hirtenberg-apotheke.at\/katalog\/wp-json\/wp\/v2\/product\/29240","targetHints":{"allow":["GET"]}}],"collection":[{"href":"https:\/\/www.hirtenberg-apotheke.at\/katalog\/wp-json\/wp\/v2\/product"}],"about":[{"href":"https:\/\/www.hirtenberg-apotheke.at\/katalog\/wp-json\/wp\/v2\/types\/product"}],"wp:featuredmedia":[{"embeddable":true,"href":"https:\/\/www.hirtenberg-apotheke.at\/katalog\/wp-json\/wp\/v2\/media\/29242"}],"wp:attachment":[{"href":"https:\/\/www.hirtenberg-apotheke.at\/katalog\/wp-json\/wp\/v2\/media?parent=29240"}],"wp:term":[{"taxonomy":"product_brand","embeddable":true,"href":"https:\/\/www.hirtenberg-apotheke.at\/katalog\/wp-json\/wp\/v2\/product_brand?post=29240"},{"taxonomy":"product_cat","embeddable":true,"href":"https:\/\/www.hirtenberg-apotheke.at\/katalog\/wp-json\/wp\/v2\/product_cat?post=29240"},{"taxonomy":"product_tag","embeddable":true,"href":"https:\/\/www.hirtenberg-apotheke.at\/katalog\/wp-json\/wp\/v2\/product_tag?post=29240"}],"curies":[{"name":"wp","href":"https:\/\/api.w.org\/{rel}","templated":true}]}}