{"id":29259,"date":"2025-11-25T21:19:59","date_gmt":"2025-11-25T20:19:59","guid":{"rendered":"https:\/\/www.hirtenberg-apotheke.at\/katalog\/produkt\/salbei-tropfen-50-ml\/"},"modified":"2025-11-25T21:20:27","modified_gmt":"2025-11-25T20:20:27","slug":"salbei-tropfen-50-ml","status":"publish","type":"product","link":"https:\/\/www.hirtenberg-apotheke.at\/katalog\/produkt\/salbei-tropfen-50-ml\/","title":{"rendered":"Salbei Tropfen 50 ml"},"content":{"rendered":"<p>Salbei Tropfen enthalten einen w\u00e4ssrig-alkoholischen Auszug aus Salbeibl\u00e4ttern. In den Dr\u00fcsenschuppen und Dr\u00fcsenhaaren des Salbeiblattes befinden sich \u00e4therische \u00d6le, die besonders viele Mono- sowie Sesquiterpene enthalten. Zudem erhalten sie auch Gerbstoffe, vor allem Rosmarins\u00e4ure &#8211; jetzt versankostenfreie* Lieferung nutzen!<\/p>\n","protected":false},"excerpt":{"rendered":"<p>Salbei Tropfen enthalten einen w\u00e4ssrig-alkoholischen Auszug aus Salbeibl\u00e4ttern. In den Dr\u00fcsenschuppen und Dr\u00fcsenhaaren des Salbeiblattes befinden sich \u00e4therische \u00d6le, die besonders viele Mono- sowie Sesquiterpene enthalten. Zudem erhalten sie auch Gerbstoffe, vor allem Rosmarins\u00e4ure &#8211; jetzt versankostenfreie* Lieferung nutzen!<\/p>\n","protected":false},"featured_media":0,"template":"","meta":{"_acf_changed":false},"product_brand":[],"product_cat":[303],"product_tag":[],"class_list":{"0":"post-29259","1":"product","2":"type-product","3":"status-publish","5":"product_cat-s","6":"pa_packungsgroesse-50ml","8":"first","9":"instock","10":"shipping-taxable","11":"purchasable","12":"product-type-simple"},"acf":[],"_links":{"self":[{"href":"https:\/\/www.hirtenberg-apotheke.at\/katalog\/wp-json\/wp\/v2\/product\/29259","targetHints":{"allow":["GET"]}}],"collection":[{"href":"https:\/\/www.hirtenberg-apotheke.at\/katalog\/wp-json\/wp\/v2\/product"}],"about":[{"href":"https:\/\/www.hirtenberg-apotheke.at\/katalog\/wp-json\/wp\/v2\/types\/product"}],"wp:attachment":[{"href":"https:\/\/www.hirtenberg-apotheke.at\/katalog\/wp-json\/wp\/v2\/media?parent=29259"}],"wp:term":[{"taxonomy":"product_brand","embeddable":true,"href":"https:\/\/www.hirtenberg-apotheke.at\/katalog\/wp-json\/wp\/v2\/product_brand?post=29259"},{"taxonomy":"product_cat","embeddable":true,"href":"https:\/\/www.hirtenberg-apotheke.at\/katalog\/wp-json\/wp\/v2\/product_cat?post=29259"},{"taxonomy":"product_tag","embeddable":true,"href":"https:\/\/www.hirtenberg-apotheke.at\/katalog\/wp-json\/wp\/v2\/product_tag?post=29259"}],"curies":[{"name":"wp","href":"https:\/\/api.w.org\/{rel}","templated":true}]}}