{"id":29313,"date":"2025-11-25T21:20:49","date_gmt":"2025-11-25T20:20:49","guid":{"rendered":"https:\/\/www.hirtenberg-apotheke.at\/katalog\/produkt\/espara-topinambur-compositum-alchemistische-essenz\/"},"modified":"2025-11-25T21:21:20","modified_gmt":"2025-11-25T20:21:20","slug":"espara-topinambur-compositum-alchemistische-essenz","status":"publish","type":"product","link":"https:\/\/www.hirtenberg-apotheke.at\/katalog\/produkt\/espara-topinambur-compositum-alchemistische-essenz\/","title":{"rendered":"Espara Topinambur Compositum Alchemistische Essenz"},"content":{"rendered":"<p>Espara Alchemistische Essenz Topinambur Compositum ist ein Nahrungserg\u00e4nzungsmittel mit Destillaten von Topinambur, Brennnessel und Spargel. Topinambur ist bekannt f\u00fcr seine verdauungsf\u00f6rdernde Wirkung. Hergestellt nach einem speziellen, auf Paracelsus zur\u00fcckgehenden Verfahren.<\/p>\n","protected":false},"excerpt":{"rendered":"<p>Espara Alchemistische Essenz Topinambur Compositum ist ein Nahrungserg\u00e4nzungsmittel mit Destillaten von Topinambur, Brennnessel und Spargel. Topinambur ist bekannt f\u00fcr seine verdauungsf\u00f6rdernde Wirkung. Hergestellt nach einem speziellen, auf Paracelsus zur\u00fcckgehenden Verfahren.<\/p>\n","protected":false},"featured_media":0,"template":"","meta":{"_acf_changed":false},"product_brand":[341],"product_cat":[307],"product_tag":[],"class_list":{"0":"post-29313","1":"product","2":"type-product","3":"status-publish","5":"product_brand-espara","6":"product_cat-e","7":"pa_packungsgroesse-30ml","9":"first","10":"instock","11":"shipping-taxable","12":"purchasable","13":"product-type-simple"},"acf":[],"_links":{"self":[{"href":"https:\/\/www.hirtenberg-apotheke.at\/katalog\/wp-json\/wp\/v2\/product\/29313","targetHints":{"allow":["GET"]}}],"collection":[{"href":"https:\/\/www.hirtenberg-apotheke.at\/katalog\/wp-json\/wp\/v2\/product"}],"about":[{"href":"https:\/\/www.hirtenberg-apotheke.at\/katalog\/wp-json\/wp\/v2\/types\/product"}],"wp:attachment":[{"href":"https:\/\/www.hirtenberg-apotheke.at\/katalog\/wp-json\/wp\/v2\/media?parent=29313"}],"wp:term":[{"taxonomy":"product_brand","embeddable":true,"href":"https:\/\/www.hirtenberg-apotheke.at\/katalog\/wp-json\/wp\/v2\/product_brand?post=29313"},{"taxonomy":"product_cat","embeddable":true,"href":"https:\/\/www.hirtenberg-apotheke.at\/katalog\/wp-json\/wp\/v2\/product_cat?post=29313"},{"taxonomy":"product_tag","embeddable":true,"href":"https:\/\/www.hirtenberg-apotheke.at\/katalog\/wp-json\/wp\/v2\/product_tag?post=29313"}],"curies":[{"name":"wp","href":"https:\/\/api.w.org\/{rel}","templated":true}]}}