{"id":29335,"date":"2025-11-25T21:21:36","date_gmt":"2025-11-25T20:21:36","guid":{"rendered":"https:\/\/www.hirtenberg-apotheke.at\/katalog\/produkt\/metasinusit-tropfen-100-ml\/"},"modified":"2025-11-25T21:21:41","modified_gmt":"2025-11-25T20:21:41","slug":"metasinusit-tropfen-100-ml","status":"publish","type":"product","link":"https:\/\/www.hirtenberg-apotheke.at\/katalog\/produkt\/metasinusit-tropfen-100-ml\/","title":{"rendered":"Metasinusit Tropfen 100 ml"},"content":{"rendered":"<p>Metasinusit Tropfen sind ein hom\u00f6opathisches Arzneimittel. Die Anwendungsgebiete leiten sich von den hom\u00f6opathischen Arzneimittelbildern ab. Dazu geh\u00f6ren etwa akute und chronische Entz\u00fcndungen der Nasennebenh\u00f6hlen.<\/p>\n","protected":false},"excerpt":{"rendered":"<p>Metasinusit Tropfen sind ein hom\u00f6opathisches Arzneimittel. Die Anwendungsgebiete leiten sich von den hom\u00f6opathischen Arzneimittelbildern ab. Dazu geh\u00f6ren etwa akute und chronische Entz\u00fcndungen der Nasennebenh\u00f6hlen.<\/p>\n","protected":false},"featured_media":0,"template":"","meta":{"_acf_changed":false},"product_brand":[],"product_cat":[308],"product_tag":[],"class_list":{"0":"post-29335","1":"product","2":"type-product","3":"status-publish","5":"product_cat-m","6":"pa_packungsgroesse-100ml","8":"first","9":"instock","10":"shipping-taxable","11":"purchasable","12":"product-type-simple"},"acf":[],"_links":{"self":[{"href":"https:\/\/www.hirtenberg-apotheke.at\/katalog\/wp-json\/wp\/v2\/product\/29335","targetHints":{"allow":["GET"]}}],"collection":[{"href":"https:\/\/www.hirtenberg-apotheke.at\/katalog\/wp-json\/wp\/v2\/product"}],"about":[{"href":"https:\/\/www.hirtenberg-apotheke.at\/katalog\/wp-json\/wp\/v2\/types\/product"}],"wp:attachment":[{"href":"https:\/\/www.hirtenberg-apotheke.at\/katalog\/wp-json\/wp\/v2\/media?parent=29335"}],"wp:term":[{"taxonomy":"product_brand","embeddable":true,"href":"https:\/\/www.hirtenberg-apotheke.at\/katalog\/wp-json\/wp\/v2\/product_brand?post=29335"},{"taxonomy":"product_cat","embeddable":true,"href":"https:\/\/www.hirtenberg-apotheke.at\/katalog\/wp-json\/wp\/v2\/product_cat?post=29335"},{"taxonomy":"product_tag","embeddable":true,"href":"https:\/\/www.hirtenberg-apotheke.at\/katalog\/wp-json\/wp\/v2\/product_tag?post=29335"}],"curies":[{"name":"wp","href":"https:\/\/api.w.org\/{rel}","templated":true}]}}