{"id":29337,"date":"2025-11-25T21:21:36","date_gmt":"2025-11-25T20:21:36","guid":{"rendered":"https:\/\/www.hirtenberg-apotheke.at\/katalog\/produkt\/phoenix-hydrargyrum-tropfen-zum-einnehmen-50-ml-2\/"},"modified":"2025-11-25T21:21:47","modified_gmt":"2025-11-25T20:21:47","slug":"phoenix-hydrargyrum-tropfen-zum-einnehmen-50-ml-2","status":"publish","type":"product","link":"https:\/\/www.hirtenberg-apotheke.at\/katalog\/produkt\/phoenix-hydrargyrum-tropfen-zum-einnehmen-50-ml-2\/","title":{"rendered":"Ph\u00f6nix Hydrargyrum Tropfen zum Einnehmen 50 ml"},"content":{"rendered":"<p>Spagyra bietet hom\u00f6opathische Einzelmittel, um \u00c4hnliches mit \u00c4hnlichem zu heilen. Der K\u00f6rper wird dadurch zur Selbstheilung angeregt. Das Immunsystem wird gest\u00e4rkt. Ob Globuli, Dilutionen, Tabletten oder Triturationen.<\/p>\n","protected":false},"excerpt":{"rendered":"<p>Spagyra bietet hom\u00f6opathische Einzelmittel, um \u00c4hnliches mit \u00c4hnlichem zu heilen. Der K\u00f6rper wird dadurch zur Selbstheilung angeregt. Das Immunsystem wird gest\u00e4rkt. Ob Globuli, Dilutionen, Tabletten oder Triturationen.<\/p>\n","protected":false},"featured_media":29339,"template":"","meta":{"_acf_changed":false},"product_brand":[],"product_cat":[302],"product_tag":[],"class_list":{"0":"post-29337","1":"product","2":"type-product","3":"status-publish","4":"has-post-thumbnail","6":"product_cat-p","7":"pa_packungsgroesse-50ml","9":"first","10":"instock","11":"shipping-taxable","12":"purchasable","13":"product-type-simple"},"acf":[],"_links":{"self":[{"href":"https:\/\/www.hirtenberg-apotheke.at\/katalog\/wp-json\/wp\/v2\/product\/29337","targetHints":{"allow":["GET"]}}],"collection":[{"href":"https:\/\/www.hirtenberg-apotheke.at\/katalog\/wp-json\/wp\/v2\/product"}],"about":[{"href":"https:\/\/www.hirtenberg-apotheke.at\/katalog\/wp-json\/wp\/v2\/types\/product"}],"wp:featuredmedia":[{"embeddable":true,"href":"https:\/\/www.hirtenberg-apotheke.at\/katalog\/wp-json\/wp\/v2\/media\/29339"}],"wp:attachment":[{"href":"https:\/\/www.hirtenberg-apotheke.at\/katalog\/wp-json\/wp\/v2\/media?parent=29337"}],"wp:term":[{"taxonomy":"product_brand","embeddable":true,"href":"https:\/\/www.hirtenberg-apotheke.at\/katalog\/wp-json\/wp\/v2\/product_brand?post=29337"},{"taxonomy":"product_cat","embeddable":true,"href":"https:\/\/www.hirtenberg-apotheke.at\/katalog\/wp-json\/wp\/v2\/product_cat?post=29337"},{"taxonomy":"product_tag","embeddable":true,"href":"https:\/\/www.hirtenberg-apotheke.at\/katalog\/wp-json\/wp\/v2\/product_tag?post=29337"}],"curies":[{"name":"wp","href":"https:\/\/api.w.org\/{rel}","templated":true}]}}