{"id":29365,"date":"2025-11-25T21:21:59","date_gmt":"2025-11-25T20:21:59","guid":{"rendered":"https:\/\/www.hirtenberg-apotheke.at\/katalog\/produkt\/dolo-cyl-muskel-und-pflegeoel-50-ml\/"},"modified":"2025-11-25T21:22:08","modified_gmt":"2025-11-25T20:22:08","slug":"dolo-cyl-muskel-und-pflegeoel-50-ml","status":"publish","type":"product","link":"https:\/\/www.hirtenberg-apotheke.at\/katalog\/produkt\/dolo-cyl-muskel-und-pflegeoel-50-ml\/","title":{"rendered":"Dolo-cyl Muskel- und Pflege\u00f6l 50 ml"},"content":{"rendered":"<p>Das Muskel- und Pflege\u00f6l hat eine lockernde Wirkung und kann dabei helfen, Muskelkater zu reduzieren sowie eine \u00dcberbelastung der Muskulatur vorzubeugen.Das DOLO-CYL Muskel- und Pflege\u00f6l enth\u00e4lt eine Kombination wertvoller \u00e4therischer \u00d6le. Arnika mildert Entz\u00fcndungen und f\u00f6rdert die Durchblutung. Latschenkiefer, Lavendel, Eukalyptus sowie Wacholder und Rosmarin regen ebenfalls die Durchblutung an und f\u00f6rdern zudem die Mikrozirkulation der Haut. Zus\u00e4tzlich haben sie eine belebende Wirkung. Johanniskraut\u00f6l stimuliert ebenfalls die Durchblutung und regt zudem die Wundheilung an. Au\u00dferdem besitzt es hervorragende hautpflegende Eigenschaften. Das Pflege\u00f6l bewirkt eine wohltuende Durchw\u00e4rmung der Muskulatur und wirkt durch eine entspannende Massage der Muskulatur auflockernd. Bei Anwendung vor k\u00f6rperlicher Aktivit\u00e4t kann das Pflege\u00f6l dazu beitragen, Muskelkater sowie fr\u00fchzeitige Erm\u00fcdung oder \u00dcberbelastung vorzubeugen..<\/p>\n","protected":false},"excerpt":{"rendered":"<p>Das Muskel- und Pflege\u00f6l hat eine lockernde Wirkung und kann dabei helfen, Muskelkater zu reduzieren sowie eine \u00dcberbelastung der Muskulatur vorzubeugen.Das DOLO-CYL Muskel- und Pflege\u00f6l enth\u00e4lt eine Kombination wertvoller \u00e4therischer \u00d6le. Arnika mildert Entz\u00fcndungen und f\u00f6rdert die Durchblutung. Latschenkiefer, Lavendel, Eukalyptus sowie Wacholder und Rosmarin regen ebenfalls die Durchblutung an und f\u00f6rdern zudem die Mikrozirkulation [&hellip;]<\/p>\n","protected":false},"featured_media":29367,"template":"","meta":{"_acf_changed":false},"product_brand":[],"product_cat":[295],"product_tag":[],"class_list":{"0":"post-29365","1":"product","2":"type-product","3":"status-publish","4":"has-post-thumbnail","6":"product_cat-d","7":"pa_packungsgroesse-50ml","9":"first","10":"instock","11":"shipping-taxable","12":"purchasable","13":"product-type-simple"},"acf":[],"_links":{"self":[{"href":"https:\/\/www.hirtenberg-apotheke.at\/katalog\/wp-json\/wp\/v2\/product\/29365","targetHints":{"allow":["GET"]}}],"collection":[{"href":"https:\/\/www.hirtenberg-apotheke.at\/katalog\/wp-json\/wp\/v2\/product"}],"about":[{"href":"https:\/\/www.hirtenberg-apotheke.at\/katalog\/wp-json\/wp\/v2\/types\/product"}],"wp:featuredmedia":[{"embeddable":true,"href":"https:\/\/www.hirtenberg-apotheke.at\/katalog\/wp-json\/wp\/v2\/media\/29367"}],"wp:attachment":[{"href":"https:\/\/www.hirtenberg-apotheke.at\/katalog\/wp-json\/wp\/v2\/media?parent=29365"}],"wp:term":[{"taxonomy":"product_brand","embeddable":true,"href":"https:\/\/www.hirtenberg-apotheke.at\/katalog\/wp-json\/wp\/v2\/product_brand?post=29365"},{"taxonomy":"product_cat","embeddable":true,"href":"https:\/\/www.hirtenberg-apotheke.at\/katalog\/wp-json\/wp\/v2\/product_cat?post=29365"},{"taxonomy":"product_tag","embeddable":true,"href":"https:\/\/www.hirtenberg-apotheke.at\/katalog\/wp-json\/wp\/v2\/product_tag?post=29365"}],"curies":[{"name":"wp","href":"https:\/\/api.w.org\/{rel}","templated":true}]}}