{"id":29388,"date":"2025-11-25T21:21:59","date_gmt":"2025-11-25T20:21:59","guid":{"rendered":"https:\/\/www.hirtenberg-apotheke.at\/katalog\/produkt\/espara-alchemistische-essenz-preiselbeer-compositum-30-ml\/"},"modified":"2025-11-25T21:22:23","modified_gmt":"2025-11-25T20:22:23","slug":"espara-alchemistische-essenz-preiselbeer-compositum-30-ml","status":"publish","type":"product","link":"https:\/\/www.hirtenberg-apotheke.at\/katalog\/produkt\/espara-alchemistische-essenz-preiselbeer-compositum-30-ml\/","title":{"rendered":"Espara Alchemistische Essenz Preiselbeer Compositum 30 ml"},"content":{"rendered":"<p>Espara Alchemistische Essenz Preiselbeer Compositum ist ein Nahrungserg\u00e4nzungsmittel mit Destillaten von Preiselbeere, Orthosiphon und Kapuzinerkresse. Preiselbeere wirkt g\u00fcnstig auf Blase und Harnwege. Hergestellt nach einem speziellen, auf Paracelsus zur\u00fcckgehenden Verfahren.<\/p>\n","protected":false},"excerpt":{"rendered":"<p>Espara Alchemistische Essenz Preiselbeer Compositum ist ein Nahrungserg\u00e4nzungsmittel mit Destillaten von Preiselbeere, Orthosiphon und Kapuzinerkresse. Preiselbeere wirkt g\u00fcnstig auf Blase und Harnwege. Hergestellt nach einem speziellen, auf Paracelsus zur\u00fcckgehenden Verfahren.<\/p>\n","protected":false},"featured_media":29390,"template":"","meta":{"_acf_changed":false},"product_brand":[341],"product_cat":[307],"product_tag":[],"class_list":{"0":"post-29388","1":"product","2":"type-product","3":"status-publish","4":"has-post-thumbnail","6":"product_brand-espara","7":"product_cat-e","8":"pa_packungsgroesse-30ml","10":"first","11":"instock","12":"shipping-taxable","13":"purchasable","14":"product-type-simple"},"acf":[],"_links":{"self":[{"href":"https:\/\/www.hirtenberg-apotheke.at\/katalog\/wp-json\/wp\/v2\/product\/29388","targetHints":{"allow":["GET"]}}],"collection":[{"href":"https:\/\/www.hirtenberg-apotheke.at\/katalog\/wp-json\/wp\/v2\/product"}],"about":[{"href":"https:\/\/www.hirtenberg-apotheke.at\/katalog\/wp-json\/wp\/v2\/types\/product"}],"wp:featuredmedia":[{"embeddable":true,"href":"https:\/\/www.hirtenberg-apotheke.at\/katalog\/wp-json\/wp\/v2\/media\/29390"}],"wp:attachment":[{"href":"https:\/\/www.hirtenberg-apotheke.at\/katalog\/wp-json\/wp\/v2\/media?parent=29388"}],"wp:term":[{"taxonomy":"product_brand","embeddable":true,"href":"https:\/\/www.hirtenberg-apotheke.at\/katalog\/wp-json\/wp\/v2\/product_brand?post=29388"},{"taxonomy":"product_cat","embeddable":true,"href":"https:\/\/www.hirtenberg-apotheke.at\/katalog\/wp-json\/wp\/v2\/product_cat?post=29388"},{"taxonomy":"product_tag","embeddable":true,"href":"https:\/\/www.hirtenberg-apotheke.at\/katalog\/wp-json\/wp\/v2\/product_tag?post=29388"}],"curies":[{"name":"wp","href":"https:\/\/api.w.org\/{rel}","templated":true}]}}