{"id":29423,"date":"2025-11-25T21:22:35","date_gmt":"2025-11-25T20:22:35","guid":{"rendered":"https:\/\/www.hirtenberg-apotheke.at\/katalog\/produkt\/regenaplex-nr-33-zb-30-ml\/"},"modified":"2025-11-25T21:22:43","modified_gmt":"2025-11-25T20:22:43","slug":"regenaplex-nr-33-zb-30-ml","status":"publish","type":"product","link":"https:\/\/www.hirtenberg-apotheke.at\/katalog\/produkt\/regenaplex-nr-33-zb-30-ml\/","title":{"rendered":"Regenaplex Nr. 33\/ZB 30 ml"},"content":{"rendered":"<p>Regenaplex Nr. 33\/ZB wird bei Symptomen von Unterzuckerung (z.B.: vermehrter Appetit auf S\u00fc\u00dfes, sowie M\u00fcdigkeit) angwendet. Die quasi nach einem Baukastensystem zusammengestellten Regenaplexe sind hom\u00f6opathische Komplexmittel mit jeweiligen Nummernbezeichnungen.<\/p>\n","protected":false},"excerpt":{"rendered":"<p>Regenaplex Nr. 33\/ZB wird bei Symptomen von Unterzuckerung (z.B.: vermehrter Appetit auf S\u00fc\u00dfes, sowie M\u00fcdigkeit) angwendet. Die quasi nach einem Baukastensystem zusammengestellten Regenaplexe sind hom\u00f6opathische Komplexmittel mit jeweiligen Nummernbezeichnungen.<\/p>\n","protected":false},"featured_media":29425,"template":"","meta":{"_acf_changed":false},"product_brand":[929],"product_cat":[311],"product_tag":[],"class_list":{"0":"post-29423","1":"product","2":"type-product","3":"status-publish","4":"has-post-thumbnail","6":"product_brand-regenaplex","7":"product_cat-r","8":"pa_packungsgroesse-30ml","10":"first","11":"instock","12":"shipping-taxable","13":"purchasable","14":"product-type-simple"},"acf":[],"_links":{"self":[{"href":"https:\/\/www.hirtenberg-apotheke.at\/katalog\/wp-json\/wp\/v2\/product\/29423","targetHints":{"allow":["GET"]}}],"collection":[{"href":"https:\/\/www.hirtenberg-apotheke.at\/katalog\/wp-json\/wp\/v2\/product"}],"about":[{"href":"https:\/\/www.hirtenberg-apotheke.at\/katalog\/wp-json\/wp\/v2\/types\/product"}],"wp:featuredmedia":[{"embeddable":true,"href":"https:\/\/www.hirtenberg-apotheke.at\/katalog\/wp-json\/wp\/v2\/media\/29425"}],"wp:attachment":[{"href":"https:\/\/www.hirtenberg-apotheke.at\/katalog\/wp-json\/wp\/v2\/media?parent=29423"}],"wp:term":[{"taxonomy":"product_brand","embeddable":true,"href":"https:\/\/www.hirtenberg-apotheke.at\/katalog\/wp-json\/wp\/v2\/product_brand?post=29423"},{"taxonomy":"product_cat","embeddable":true,"href":"https:\/\/www.hirtenberg-apotheke.at\/katalog\/wp-json\/wp\/v2\/product_cat?post=29423"},{"taxonomy":"product_tag","embeddable":true,"href":"https:\/\/www.hirtenberg-apotheke.at\/katalog\/wp-json\/wp\/v2\/product_tag?post=29423"}],"curies":[{"name":"wp","href":"https:\/\/api.w.org\/{rel}","templated":true}]}}