{"id":29450,"date":"2025-11-25T21:22:56","date_gmt":"2025-11-25T20:22:56","guid":{"rendered":"https:\/\/www.hirtenberg-apotheke.at\/katalog\/produkt\/adler-pharma-schuessler-tabletten-nr-5-kalium-phosphoricum-d-6-100-g\/"},"modified":"2025-11-25T21:33:47","modified_gmt":"2025-11-25T20:33:47","slug":"adler-pharma-schuessler-tabletten-nr-5-kalium-phosphoricum-d-6-100-g","status":"publish","type":"product","link":"https:\/\/www.hirtenberg-apotheke.at\/katalog\/produkt\/adler-pharma-schuessler-tabletten-nr-5-kalium-phosphoricum-d-6-100-g\/","title":{"rendered":"Adler Pharma Sch\u00fc\u00dfler Tabletten Nr. 5 Kalium Phosphoricum D 6 100 g"},"content":{"rendered":"<p>Adler Pharma Dr. Sch\u00fc\u00dfler Tabletten Nr. 5 Kalium Phosphoricum D 6 sind besonders f\u00fcr die Blutfl\u00fcssigkeit, die Gehirn-, Nerven- und Muskelzellen wichtig. Typische Beschwerden sind k\u00f6rperliche, seelische und geistige Ersch\u00f6pfungs- und Schw\u00e4chezust\u00e4nde, Reizbarkeit sowie Antriebs- und Ged\u00e4chtnisschw\u00e4che.<\/p>\n","protected":false},"excerpt":{"rendered":"<p>Adler Pharma Dr. Sch\u00fc\u00dfler Tabletten Nr. 5 Kalium Phosphoricum D 6 sind besonders f\u00fcr die Blutfl\u00fcssigkeit, die Gehirn-, Nerven- und Muskelzellen wichtig. Typische Beschwerden sind k\u00f6rperliche, seelische und geistige Ersch\u00f6pfungs- und Schw\u00e4chezust\u00e4nde, Reizbarkeit sowie Antriebs- und Ged\u00e4chtnisschw\u00e4che.<\/p>\n","protected":false},"featured_media":29452,"template":"","meta":{"_acf_changed":false},"product_brand":[920],"product_cat":[299],"product_tag":[],"class_list":{"0":"post-29450","1":"product","2":"type-product","3":"status-publish","4":"has-post-thumbnail","6":"product_brand-adler-pharma","7":"product_cat-a","8":"pa_packungsgroesse-1000g","9":"pa_packungsgroesse-100g","10":"pa_packungsgroesse-250g","11":"pa_packungsgroesse-500g","13":"first","14":"instock","15":"shipping-taxable","16":"purchasable","17":"product-type-simple"},"acf":[],"_links":{"self":[{"href":"https:\/\/www.hirtenberg-apotheke.at\/katalog\/wp-json\/wp\/v2\/product\/29450","targetHints":{"allow":["GET"]}}],"collection":[{"href":"https:\/\/www.hirtenberg-apotheke.at\/katalog\/wp-json\/wp\/v2\/product"}],"about":[{"href":"https:\/\/www.hirtenberg-apotheke.at\/katalog\/wp-json\/wp\/v2\/types\/product"}],"wp:featuredmedia":[{"embeddable":true,"href":"https:\/\/www.hirtenberg-apotheke.at\/katalog\/wp-json\/wp\/v2\/media\/29452"}],"wp:attachment":[{"href":"https:\/\/www.hirtenberg-apotheke.at\/katalog\/wp-json\/wp\/v2\/media?parent=29450"}],"wp:term":[{"taxonomy":"product_brand","embeddable":true,"href":"https:\/\/www.hirtenberg-apotheke.at\/katalog\/wp-json\/wp\/v2\/product_brand?post=29450"},{"taxonomy":"product_cat","embeddable":true,"href":"https:\/\/www.hirtenberg-apotheke.at\/katalog\/wp-json\/wp\/v2\/product_cat?post=29450"},{"taxonomy":"product_tag","embeddable":true,"href":"https:\/\/www.hirtenberg-apotheke.at\/katalog\/wp-json\/wp\/v2\/product_tag?post=29450"}],"curies":[{"name":"wp","href":"https:\/\/api.w.org\/{rel}","templated":true}]}}