{"id":29509,"date":"2025-11-25T21:23:15","date_gmt":"2025-11-25T20:23:15","guid":{"rendered":"https:\/\/www.hirtenberg-apotheke.at\/katalog\/produkt\/adler-pharma-schuessler-tabletten-nr-12-calcium-sulfuricum-d-6-100-g\/"},"modified":"2025-11-25T21:35:06","modified_gmt":"2025-11-25T20:35:06","slug":"adler-pharma-schuessler-tabletten-nr-12-calcium-sulfuricum-d-6-100-g","status":"publish","type":"product","link":"https:\/\/www.hirtenberg-apotheke.at\/katalog\/produkt\/adler-pharma-schuessler-tabletten-nr-12-calcium-sulfuricum-d-6-100-g\/","title":{"rendered":"Adler Pharma Sch\u00fc\u00dfler Tabletten Nr. 12 Calcium Sulfuricum D 6 100 g"},"content":{"rendered":"<p>Adler Pharma Dr. Sch\u00fc\u00dfler Tabletten Nr. 12 Calcium Sulfuricum D 6 bringen Stauungen im Bindegewebe wieder in Fluss und f\u00f6rdern zudem die Durchl\u00e4ssigkeit des Gewebes. Au\u00dferdem hilft Nr. 12, um Stauungen,  Erg\u00fcsse und Eiterungen abzubauen.<\/p>\n","protected":false},"excerpt":{"rendered":"<p>Adler Pharma Dr. Sch\u00fc\u00dfler Tabletten Nr. 12 Calcium Sulfuricum D 6 bringen Stauungen im Bindegewebe wieder in Fluss und f\u00f6rdern zudem die Durchl\u00e4ssigkeit des Gewebes. Au\u00dferdem hilft Nr. 12, um Stauungen, Erg\u00fcsse und Eiterungen abzubauen.<\/p>\n","protected":false},"featured_media":29511,"template":"","meta":{"_acf_changed":false},"product_brand":[920],"product_cat":[299],"product_tag":[],"class_list":{"0":"post-29509","1":"product","2":"type-product","3":"status-publish","4":"has-post-thumbnail","6":"product_brand-adler-pharma","7":"product_cat-a","8":"pa_packungsgroesse-1000g","9":"pa_packungsgroesse-100g","10":"pa_packungsgroesse-250g","11":"pa_packungsgroesse-500g","13":"first","14":"instock","15":"shipping-taxable","16":"purchasable","17":"product-type-variable"},"acf":[],"_links":{"self":[{"href":"https:\/\/www.hirtenberg-apotheke.at\/katalog\/wp-json\/wp\/v2\/product\/29509","targetHints":{"allow":["GET"]}}],"collection":[{"href":"https:\/\/www.hirtenberg-apotheke.at\/katalog\/wp-json\/wp\/v2\/product"}],"about":[{"href":"https:\/\/www.hirtenberg-apotheke.at\/katalog\/wp-json\/wp\/v2\/types\/product"}],"wp:featuredmedia":[{"embeddable":true,"href":"https:\/\/www.hirtenberg-apotheke.at\/katalog\/wp-json\/wp\/v2\/media\/29511"}],"wp:attachment":[{"href":"https:\/\/www.hirtenberg-apotheke.at\/katalog\/wp-json\/wp\/v2\/media?parent=29509"}],"wp:term":[{"taxonomy":"product_brand","embeddable":true,"href":"https:\/\/www.hirtenberg-apotheke.at\/katalog\/wp-json\/wp\/v2\/product_brand?post=29509"},{"taxonomy":"product_cat","embeddable":true,"href":"https:\/\/www.hirtenberg-apotheke.at\/katalog\/wp-json\/wp\/v2\/product_cat?post=29509"},{"taxonomy":"product_tag","embeddable":true,"href":"https:\/\/www.hirtenberg-apotheke.at\/katalog\/wp-json\/wp\/v2\/product_tag?post=29509"}],"curies":[{"name":"wp","href":"https:\/\/api.w.org\/{rel}","templated":true}]}}