{"id":29788,"date":"2025-11-25T21:27:51","date_gmt":"2025-11-25T20:27:51","guid":{"rendered":"https:\/\/www.hirtenberg-apotheke.at\/katalog\/produkt\/adler-pharma-mineralstoffsalbe-nr-7-magnesium-phosphat\/"},"modified":"2025-11-25T21:32:42","modified_gmt":"2025-11-25T20:32:42","slug":"adler-pharma-mineralstoffsalbe-nr-7-magnesium-phosphat","status":"publish","type":"product","link":"https:\/\/www.hirtenberg-apotheke.at\/katalog\/produkt\/adler-pharma-mineralstoffsalbe-nr-7-magnesium-phosphat\/","title":{"rendered":"Adler Pharma Mineralstoffsalbe Nr. 7 Magnesium Phosphat"},"content":{"rendered":"<p>Mineralstoffsalbe Nr. 7 Magnesium Phosphat wird bei Schmerzen im Bereich des Kopfes eingesetzt. Au\u00dferdem z\u00e4hlen auch Juckreiz und Durchblutungsst\u00f6rungen zum Behandlungsgebiet dieser Salbe.<\/p>\n","protected":false},"excerpt":{"rendered":"<p>Mineralstoffsalbe Nr. 7 Magnesium Phosphat wird bei Schmerzen im Bereich des Kopfes eingesetzt. Au\u00dferdem z\u00e4hlen auch Juckreiz und Durchblutungsst\u00f6rungen zum Behandlungsgebiet dieser Salbe.<\/p>\n","protected":false},"featured_media":29790,"template":"","meta":{"_acf_changed":false},"product_brand":[920],"product_cat":[299],"product_tag":[],"class_list":{"0":"post-29788","1":"product","2":"type-product","3":"status-publish","4":"has-post-thumbnail","6":"product_brand-adler-pharma","7":"product_cat-a","8":"pa_farbe-weiss","9":"pa_geschmack-neutral","10":"pa_packungsgroesse-200ml","11":"pa_packungsgroesse-50ml","13":"first","14":"instock","15":"shipping-taxable","16":"purchasable","17":"product-type-simple"},"acf":[],"_links":{"self":[{"href":"https:\/\/www.hirtenberg-apotheke.at\/katalog\/wp-json\/wp\/v2\/product\/29788","targetHints":{"allow":["GET"]}}],"collection":[{"href":"https:\/\/www.hirtenberg-apotheke.at\/katalog\/wp-json\/wp\/v2\/product"}],"about":[{"href":"https:\/\/www.hirtenberg-apotheke.at\/katalog\/wp-json\/wp\/v2\/types\/product"}],"wp:featuredmedia":[{"embeddable":true,"href":"https:\/\/www.hirtenberg-apotheke.at\/katalog\/wp-json\/wp\/v2\/media\/29790"}],"wp:attachment":[{"href":"https:\/\/www.hirtenberg-apotheke.at\/katalog\/wp-json\/wp\/v2\/media?parent=29788"}],"wp:term":[{"taxonomy":"product_brand","embeddable":true,"href":"https:\/\/www.hirtenberg-apotheke.at\/katalog\/wp-json\/wp\/v2\/product_brand?post=29788"},{"taxonomy":"product_cat","embeddable":true,"href":"https:\/\/www.hirtenberg-apotheke.at\/katalog\/wp-json\/wp\/v2\/product_cat?post=29788"},{"taxonomy":"product_tag","embeddable":true,"href":"https:\/\/www.hirtenberg-apotheke.at\/katalog\/wp-json\/wp\/v2\/product_tag?post=29788"}],"curies":[{"name":"wp","href":"https:\/\/api.w.org\/{rel}","templated":true}]}}