{"id":29833,"date":"2025-11-25T21:28:36","date_gmt":"2025-11-25T20:28:36","guid":{"rendered":"https:\/\/www.hirtenberg-apotheke.at\/katalog\/produkt\/adler-pharma-schuessler-babema-windsalbe-100-ml\/"},"modified":"2025-11-25T21:29:03","modified_gmt":"2025-11-25T20:29:03","slug":"adler-pharma-schuessler-babema-windsalbe-100-ml","status":"publish","type":"product","link":"https:\/\/www.hirtenberg-apotheke.at\/katalog\/produkt\/adler-pharma-schuessler-babema-windsalbe-100-ml\/","title":{"rendered":"Adler Pharma Sch\u00fc\u00dfler Babema Windsalbe 100 ml"},"content":{"rendered":"<p>Adler Pharma Dr. Sch\u00fc\u00dfler Babema Windsalbe enth\u00e4lt hoch verd\u00fcnnte Mineralstoffe in der Originalverd\u00fcnnung der Sch\u00fc\u00dfler Salze. Die mit dem Auftragen verbundene, leichte Massage unterst\u00fctzt die nat\u00fcrliche Verdauungst\u00e4tigkeit. Die Salbe lindert durch den Gehalt an hoch verd\u00fcnnten Mineralstoffen und wertvollem Fenchel\u00f6l Bl\u00e4hungsbeschwerden.<\/p>\n","protected":false},"excerpt":{"rendered":"<p>Adler Pharma Dr. Sch\u00fc\u00dfler Babema Windsalbe enth\u00e4lt hoch verd\u00fcnnte Mineralstoffe in der Originalverd\u00fcnnung der Sch\u00fc\u00dfler Salze. Die mit dem Auftragen verbundene, leichte Massage unterst\u00fctzt die nat\u00fcrliche Verdauungst\u00e4tigkeit. Die Salbe lindert durch den Gehalt an hoch verd\u00fcnnten Mineralstoffen und wertvollem Fenchel\u00f6l Bl\u00e4hungsbeschwerden.<\/p>\n","protected":false},"featured_media":0,"template":"","meta":{"_acf_changed":false},"product_brand":[920],"product_cat":[299],"product_tag":[],"class_list":{"0":"post-29833","1":"product","2":"type-product","3":"status-publish","5":"product_brand-adler-pharma","6":"product_cat-a","7":"pa_farbe-weiss","8":"pa_geschmack-fenchel","9":"pa_packungsgroesse-100ml","11":"first","12":"instock","13":"shipping-taxable","14":"purchasable","15":"product-type-simple"},"acf":[],"_links":{"self":[{"href":"https:\/\/www.hirtenberg-apotheke.at\/katalog\/wp-json\/wp\/v2\/product\/29833","targetHints":{"allow":["GET"]}}],"collection":[{"href":"https:\/\/www.hirtenberg-apotheke.at\/katalog\/wp-json\/wp\/v2\/product"}],"about":[{"href":"https:\/\/www.hirtenberg-apotheke.at\/katalog\/wp-json\/wp\/v2\/types\/product"}],"wp:attachment":[{"href":"https:\/\/www.hirtenberg-apotheke.at\/katalog\/wp-json\/wp\/v2\/media?parent=29833"}],"wp:term":[{"taxonomy":"product_brand","embeddable":true,"href":"https:\/\/www.hirtenberg-apotheke.at\/katalog\/wp-json\/wp\/v2\/product_brand?post=29833"},{"taxonomy":"product_cat","embeddable":true,"href":"https:\/\/www.hirtenberg-apotheke.at\/katalog\/wp-json\/wp\/v2\/product_cat?post=29833"},{"taxonomy":"product_tag","embeddable":true,"href":"https:\/\/www.hirtenberg-apotheke.at\/katalog\/wp-json\/wp\/v2\/product_tag?post=29833"}],"curies":[{"name":"wp","href":"https:\/\/api.w.org\/{rel}","templated":true}]}}