{"id":29939,"date":"2025-11-25T21:30:29","date_gmt":"2025-11-25T20:30:29","guid":{"rendered":"https:\/\/www.hirtenberg-apotheke.at\/katalog\/produkt\/schuessler-nr-10-natrium-sulfuricum-d6-kautabletten-100-g\/"},"modified":"2025-11-25T21:31:15","modified_gmt":"2025-11-25T20:31:15","slug":"schuessler-nr-10-natrium-sulfuricum-d6-kautabletten-100-g","status":"publish","type":"product","link":"https:\/\/www.hirtenberg-apotheke.at\/katalog\/produkt\/schuessler-nr-10-natrium-sulfuricum-d6-kautabletten-100-g\/","title":{"rendered":"Sch\u00fc\u00dfler Nr. 10 Natrium sulfuricum D6 Kautabletten 100 g"},"content":{"rendered":"<p>Sch\u00fc\u00dfler Nr. 10 Natrium Sulfuricum Adler 100 g D 6 Kautabletten unterst\u00fctzen die Funktion der Ausscheidungsorgane: Leber, Galle und Nieren. Die Ausscheidung von \u00fcberfl\u00fcssigem Wasser aus dem K\u00f6rper wird beg\u00fcnstigt. Natriumsulfat wird auch als biochemisches Ausleitungsmittel bezeichnet.<\/p>\n","protected":false},"excerpt":{"rendered":"<p>Sch\u00fc\u00dfler Nr. 10 Natrium Sulfuricum Adler 100 g D 6 Kautabletten unterst\u00fctzen die Funktion der Ausscheidungsorgane: Leber, Galle und Nieren. Die Ausscheidung von \u00fcberfl\u00fcssigem Wasser aus dem K\u00f6rper wird beg\u00fcnstigt. Natriumsulfat wird auch als biochemisches Ausleitungsmittel bezeichnet.<\/p>\n","protected":false},"featured_media":29941,"template":"","meta":{"_acf_changed":false},"product_brand":[930],"product_cat":[303],"product_tag":[],"class_list":{"0":"post-29939","1":"product","2":"type-product","3":"status-publish","4":"has-post-thumbnail","6":"product_brand-schuessler","7":"product_cat-s","8":"pa_packungsgroesse-100g","10":"first","11":"instock","12":"shipping-taxable","13":"purchasable","14":"product-type-simple"},"acf":[],"_links":{"self":[{"href":"https:\/\/www.hirtenberg-apotheke.at\/katalog\/wp-json\/wp\/v2\/product\/29939","targetHints":{"allow":["GET"]}}],"collection":[{"href":"https:\/\/www.hirtenberg-apotheke.at\/katalog\/wp-json\/wp\/v2\/product"}],"about":[{"href":"https:\/\/www.hirtenberg-apotheke.at\/katalog\/wp-json\/wp\/v2\/types\/product"}],"wp:featuredmedia":[{"embeddable":true,"href":"https:\/\/www.hirtenberg-apotheke.at\/katalog\/wp-json\/wp\/v2\/media\/29941"}],"wp:attachment":[{"href":"https:\/\/www.hirtenberg-apotheke.at\/katalog\/wp-json\/wp\/v2\/media?parent=29939"}],"wp:term":[{"taxonomy":"product_brand","embeddable":true,"href":"https:\/\/www.hirtenberg-apotheke.at\/katalog\/wp-json\/wp\/v2\/product_brand?post=29939"},{"taxonomy":"product_cat","embeddable":true,"href":"https:\/\/www.hirtenberg-apotheke.at\/katalog\/wp-json\/wp\/v2\/product_cat?post=29939"},{"taxonomy":"product_tag","embeddable":true,"href":"https:\/\/www.hirtenberg-apotheke.at\/katalog\/wp-json\/wp\/v2\/product_tag?post=29939"}],"curies":[{"name":"wp","href":"https:\/\/api.w.org\/{rel}","templated":true}]}}