{"id":29973,"date":"2025-11-25T21:31:28","date_gmt":"2025-11-25T20:31:28","guid":{"rendered":"https:\/\/www.hirtenberg-apotheke.at\/katalog\/produkt\/schuessler-nr-4-kalium-chloratum-d6-kautabletten-100-g\/"},"modified":"2025-11-25T21:31:51","modified_gmt":"2025-11-25T20:31:51","slug":"schuessler-nr-4-kalium-chloratum-d6-kautabletten-100-g","status":"publish","type":"product","link":"https:\/\/www.hirtenberg-apotheke.at\/katalog\/produkt\/schuessler-nr-4-kalium-chloratum-d6-kautabletten-100-g\/","title":{"rendered":"Sch\u00fc\u00dfler Nr. 4 Kalium chloratum D6 Kautabletten 100 g"},"content":{"rendered":"<p>Sch\u00fc\u00dfler Nr. 4 Kalium Chloratum Adler D 6 Kautabletten binden und bilden im K\u00f6rper den Faserstoff, der einen wesentlichen Bestandteil des gesamten Bindegewebes darstellt. Das Sch\u00fcssler Salzr Nr. 4 ist der Dr\u00fcsenbetriebsstoff. Die Nr. 4 baut das Bindegewebe auf und reguliert die Flie\u00dff\u00e4higkeit des Blutes. Es wird bei wei\u00dflich schleimigem Husten eingesetzt.Die Sch\u00fc\u00dfler Kautabletten enthalten als Hauptbestandteil Isomalt und Mannit, damit sind sie f\u00fcr Personen mit Laktoseintoleranz geeignet. Die Sch\u00fc\u00dfler Kautabletten sind 1:1 hinsichtlich Potenzierung und Dosierung und im Sinne der biochemischen Heilweise nach den \u00dcberlegungen Dr. Sch\u00fc\u00dflers anzuwenden. Laktoseintolerante Personen k\u00f6nnen ab nun unbesorgt zu diesen Sch\u00fc\u00dfler Kautabletten von Adler Pharma greifen und m\u00fcssen nicht mehr den Umweg \u00fcber die alkoholhaltigen Dilutionen w\u00e4hlen..<\/p>\n","protected":false},"excerpt":{"rendered":"<p>Sch\u00fc\u00dfler Nr. 4 Kalium Chloratum Adler D 6 Kautabletten binden und bilden im K\u00f6rper den Faserstoff, der einen wesentlichen Bestandteil des gesamten Bindegewebes darstellt. Das Sch\u00fcssler Salzr Nr. 4 ist der Dr\u00fcsenbetriebsstoff. Die Nr. 4 baut das Bindegewebe auf und reguliert die Flie\u00dff\u00e4higkeit des Blutes. Es wird bei wei\u00dflich schleimigem Husten eingesetzt.Die Sch\u00fc\u00dfler Kautabletten enthalten [&hellip;]<\/p>\n","protected":false},"featured_media":29975,"template":"","meta":{"_acf_changed":false},"product_brand":[930],"product_cat":[303],"product_tag":[],"class_list":{"0":"post-29973","1":"product","2":"type-product","3":"status-publish","4":"has-post-thumbnail","6":"product_brand-schuessler","7":"product_cat-s","8":"pa_packungsgroesse-100g","10":"first","11":"instock","12":"shipping-taxable","13":"purchasable","14":"product-type-simple"},"acf":[],"_links":{"self":[{"href":"https:\/\/www.hirtenberg-apotheke.at\/katalog\/wp-json\/wp\/v2\/product\/29973","targetHints":{"allow":["GET"]}}],"collection":[{"href":"https:\/\/www.hirtenberg-apotheke.at\/katalog\/wp-json\/wp\/v2\/product"}],"about":[{"href":"https:\/\/www.hirtenberg-apotheke.at\/katalog\/wp-json\/wp\/v2\/types\/product"}],"wp:featuredmedia":[{"embeddable":true,"href":"https:\/\/www.hirtenberg-apotheke.at\/katalog\/wp-json\/wp\/v2\/media\/29975"}],"wp:attachment":[{"href":"https:\/\/www.hirtenberg-apotheke.at\/katalog\/wp-json\/wp\/v2\/media?parent=29973"}],"wp:term":[{"taxonomy":"product_brand","embeddable":true,"href":"https:\/\/www.hirtenberg-apotheke.at\/katalog\/wp-json\/wp\/v2\/product_brand?post=29973"},{"taxonomy":"product_cat","embeddable":true,"href":"https:\/\/www.hirtenberg-apotheke.at\/katalog\/wp-json\/wp\/v2\/product_cat?post=29973"},{"taxonomy":"product_tag","embeddable":true,"href":"https:\/\/www.hirtenberg-apotheke.at\/katalog\/wp-json\/wp\/v2\/product_tag?post=29973"}],"curies":[{"name":"wp","href":"https:\/\/api.w.org\/{rel}","templated":true}]}}