{"id":30117,"date":"2025-11-25T21:33:44","date_gmt":"2025-11-25T20:33:44","guid":{"rendered":"https:\/\/www.hirtenberg-apotheke.at\/katalog\/produkt\/adler-pharma-schuessler-nr-29-cobaltum-d-12-100-g\/"},"modified":"2025-11-25T21:34:10","modified_gmt":"2025-11-25T20:34:10","slug":"adler-pharma-schuessler-nr-29-cobaltum-d-12-100-g","status":"publish","type":"product","link":"https:\/\/www.hirtenberg-apotheke.at\/katalog\/produkt\/adler-pharma-schuessler-nr-29-cobaltum-d-12-100-g\/","title":{"rendered":"Adler Pharma Sch\u00fc\u00dfler Nr. 29 Cobaltum D 12 100 g"},"content":{"rendered":"<p>Sch\u00fc\u00dfler Nr. 29 Cobaltum ist im Organismus wichtig f\u00fcr die Blutbildung und unterst\u00fctzt den Energiehaushalt des Menschen. Zudem aktiviert es den gesamten Stoffwechsel.<\/p>\n","protected":false},"excerpt":{"rendered":"<p>Sch\u00fc\u00dfler Nr. 29 Cobaltum ist im Organismus wichtig f\u00fcr die Blutbildung und unterst\u00fctzt den Energiehaushalt des Menschen. Zudem aktiviert es den gesamten Stoffwechsel.<\/p>\n","protected":false},"featured_media":0,"template":"","meta":{"_acf_changed":false},"product_brand":[920],"product_cat":[299],"product_tag":[],"class_list":{"0":"post-30117","1":"product","2":"type-product","3":"status-publish","5":"product_brand-adler-pharma","6":"product_cat-a","7":"pa_packungsgroesse-100g","9":"first","10":"instock","11":"shipping-taxable","12":"purchasable","13":"product-type-simple"},"acf":[],"_links":{"self":[{"href":"https:\/\/www.hirtenberg-apotheke.at\/katalog\/wp-json\/wp\/v2\/product\/30117","targetHints":{"allow":["GET"]}}],"collection":[{"href":"https:\/\/www.hirtenberg-apotheke.at\/katalog\/wp-json\/wp\/v2\/product"}],"about":[{"href":"https:\/\/www.hirtenberg-apotheke.at\/katalog\/wp-json\/wp\/v2\/types\/product"}],"wp:attachment":[{"href":"https:\/\/www.hirtenberg-apotheke.at\/katalog\/wp-json\/wp\/v2\/media?parent=30117"}],"wp:term":[{"taxonomy":"product_brand","embeddable":true,"href":"https:\/\/www.hirtenberg-apotheke.at\/katalog\/wp-json\/wp\/v2\/product_brand?post=30117"},{"taxonomy":"product_cat","embeddable":true,"href":"https:\/\/www.hirtenberg-apotheke.at\/katalog\/wp-json\/wp\/v2\/product_cat?post=30117"},{"taxonomy":"product_tag","embeddable":true,"href":"https:\/\/www.hirtenberg-apotheke.at\/katalog\/wp-json\/wp\/v2\/product_tag?post=30117"}],"curies":[{"name":"wp","href":"https:\/\/api.w.org\/{rel}","templated":true}]}}