{"id":30130,"date":"2025-11-25T21:34:16","date_gmt":"2025-11-25T20:34:16","guid":{"rendered":"https:\/\/www.hirtenberg-apotheke.at\/katalog\/produkt\/adler-pharma-schuessler-nr-30-niccolum-sulphuricum-d-12-100-g-d-12\/"},"modified":"2025-11-25T21:34:22","modified_gmt":"2025-11-25T20:34:22","slug":"adler-pharma-schuessler-nr-30-niccolum-sulphuricum-d-12-100-g-d-12","status":"publish","type":"product","link":"https:\/\/www.hirtenberg-apotheke.at\/katalog\/produkt\/adler-pharma-schuessler-nr-30-niccolum-sulphuricum-d-12-100-g-d-12\/","title":{"rendered":"Adler Pharma Sch\u00fc\u00dfler Nr. 30 Niccolum Sulphuricum D 12 100 g D 12"},"content":{"rendered":"<p>Sch\u00fc\u00dfler Nr. 30 Niccolum Sulphuricum hat wichtige Funktionen im Eisenstoffwechsel, bei der Energiegewinnung im Rahmen des Citratzyklus und dar\u00fcber hinaus Bedeutung f\u00fcr den Kohlenhydratabbau.<\/p>\n","protected":false},"excerpt":{"rendered":"<p>Sch\u00fc\u00dfler Nr. 30 Niccolum Sulphuricum hat wichtige Funktionen im Eisenstoffwechsel, bei der Energiegewinnung im Rahmen des Citratzyklus und dar\u00fcber hinaus Bedeutung f\u00fcr den Kohlenhydratabbau.<\/p>\n","protected":false},"featured_media":0,"template":"","meta":{"_acf_changed":false},"product_brand":[920],"product_cat":[299],"product_tag":[],"class_list":{"0":"post-30130","1":"product","2":"type-product","3":"status-publish","5":"product_brand-adler-pharma","6":"product_cat-a","7":"pa_packungsgroesse-100g","9":"first","10":"instock","11":"shipping-taxable","12":"purchasable","13":"product-type-simple"},"acf":[],"_links":{"self":[{"href":"https:\/\/www.hirtenberg-apotheke.at\/katalog\/wp-json\/wp\/v2\/product\/30130","targetHints":{"allow":["GET"]}}],"collection":[{"href":"https:\/\/www.hirtenberg-apotheke.at\/katalog\/wp-json\/wp\/v2\/product"}],"about":[{"href":"https:\/\/www.hirtenberg-apotheke.at\/katalog\/wp-json\/wp\/v2\/types\/product"}],"wp:attachment":[{"href":"https:\/\/www.hirtenberg-apotheke.at\/katalog\/wp-json\/wp\/v2\/media?parent=30130"}],"wp:term":[{"taxonomy":"product_brand","embeddable":true,"href":"https:\/\/www.hirtenberg-apotheke.at\/katalog\/wp-json\/wp\/v2\/product_brand?post=30130"},{"taxonomy":"product_cat","embeddable":true,"href":"https:\/\/www.hirtenberg-apotheke.at\/katalog\/wp-json\/wp\/v2\/product_cat?post=30130"},{"taxonomy":"product_tag","embeddable":true,"href":"https:\/\/www.hirtenberg-apotheke.at\/katalog\/wp-json\/wp\/v2\/product_tag?post=30130"}],"curies":[{"name":"wp","href":"https:\/\/api.w.org\/{rel}","templated":true}]}}