{"id":30285,"date":"2025-11-25T21:36:14","date_gmt":"2025-11-25T20:36:14","guid":{"rendered":"https:\/\/www.hirtenberg-apotheke.at\/katalog\/produkt\/rhytmin-gastreu-r-66-tropfen-50-ml\/"},"modified":"2025-11-25T21:36:32","modified_gmt":"2025-11-25T20:36:32","slug":"rhytmin-gastreu-r-66-tropfen-50-ml","status":"publish","type":"product","link":"https:\/\/www.hirtenberg-apotheke.at\/katalog\/produkt\/rhytmin-gastreu-r-66-tropfen-50-ml\/","title":{"rendered":"Rhytmin Gastreu R 66 Tropfen 50 ml"},"content":{"rendered":"<p>Rhytmin Gastreu R 66 Tropfen werden bei nerv\u00f6s bedingtem unregelm\u00e4\u00dfigem Puls angewendet. Sie enthalten eine Kombination aus 5 bew\u00e4hrten hom\u00f6opathischen Wirkstoffen.<\/p>\n","protected":false},"excerpt":{"rendered":"<p>Rhytmin Gastreu R 66 Tropfen werden bei nerv\u00f6s bedingtem unregelm\u00e4\u00dfigem Puls angewendet. Sie enthalten eine Kombination aus 5 bew\u00e4hrten hom\u00f6opathischen Wirkstoffen.<\/p>\n","protected":false},"featured_media":0,"template":"","meta":{"_acf_changed":false},"product_brand":[],"product_cat":[311],"product_tag":[],"class_list":{"0":"post-30285","1":"product","2":"type-product","3":"status-publish","5":"product_cat-r","6":"pa_packungsgroesse-50ml","8":"first","9":"instock","10":"shipping-taxable","11":"purchasable","12":"product-type-simple"},"acf":[],"_links":{"self":[{"href":"https:\/\/www.hirtenberg-apotheke.at\/katalog\/wp-json\/wp\/v2\/product\/30285","targetHints":{"allow":["GET"]}}],"collection":[{"href":"https:\/\/www.hirtenberg-apotheke.at\/katalog\/wp-json\/wp\/v2\/product"}],"about":[{"href":"https:\/\/www.hirtenberg-apotheke.at\/katalog\/wp-json\/wp\/v2\/types\/product"}],"wp:attachment":[{"href":"https:\/\/www.hirtenberg-apotheke.at\/katalog\/wp-json\/wp\/v2\/media?parent=30285"}],"wp:term":[{"taxonomy":"product_brand","embeddable":true,"href":"https:\/\/www.hirtenberg-apotheke.at\/katalog\/wp-json\/wp\/v2\/product_brand?post=30285"},{"taxonomy":"product_cat","embeddable":true,"href":"https:\/\/www.hirtenberg-apotheke.at\/katalog\/wp-json\/wp\/v2\/product_cat?post=30285"},{"taxonomy":"product_tag","embeddable":true,"href":"https:\/\/www.hirtenberg-apotheke.at\/katalog\/wp-json\/wp\/v2\/product_tag?post=30285"}],"curies":[{"name":"wp","href":"https:\/\/api.w.org\/{rel}","templated":true}]}}