{"id":30452,"date":"2025-11-25T21:38:58","date_gmt":"2025-11-25T20:38:58","guid":{"rendered":"https:\/\/www.hirtenberg-apotheke.at\/katalog\/produkt\/basu-healthcare-ohrenreiniger-mit-metallschlinge-1-stk\/"},"modified":"2025-11-25T21:39:01","modified_gmt":"2025-11-25T20:39:01","slug":"basu-healthcare-ohrenreiniger-mit-metallschlinge-1-stk","status":"publish","type":"product","link":"https:\/\/www.hirtenberg-apotheke.at\/katalog\/produkt\/basu-healthcare-ohrenreiniger-mit-metallschlinge-1-stk\/","title":{"rendered":"Basu Healthcare Ohrenreiniger mit Metallschlinge 1 Stk."},"content":{"rendered":"<p>Basu Healthcare Ohrenreiniger mit Metallschlinge dient zur sanften Reinigung der Geh\u00f6rg\u00e4nge ohne Verstopfungsgefahr. Das Produkt ist auch bei perforiertem Trommelfell und akuten Entz\u00fcndungen anzuwenden.<\/p>\n","protected":false},"excerpt":{"rendered":"<p>Basu Healthcare Ohrenreiniger mit Metallschlinge dient zur sanften Reinigung der Geh\u00f6rg\u00e4nge ohne Verstopfungsgefahr. Das Produkt ist auch bei perforiertem Trommelfell und akuten Entz\u00fcndungen anzuwenden.<\/p>\n","protected":false},"featured_media":30454,"template":"","meta":{"_acf_changed":false},"product_brand":[],"product_cat":[292],"product_tag":[],"class_list":{"0":"post-30452","1":"product","2":"type-product","3":"status-publish","4":"has-post-thumbnail","6":"product_cat-b","7":"pa_packungsgroesse-1-stueck","9":"first","10":"instock","11":"shipping-taxable","12":"purchasable","13":"product-type-simple"},"acf":[],"_links":{"self":[{"href":"https:\/\/www.hirtenberg-apotheke.at\/katalog\/wp-json\/wp\/v2\/product\/30452","targetHints":{"allow":["GET"]}}],"collection":[{"href":"https:\/\/www.hirtenberg-apotheke.at\/katalog\/wp-json\/wp\/v2\/product"}],"about":[{"href":"https:\/\/www.hirtenberg-apotheke.at\/katalog\/wp-json\/wp\/v2\/types\/product"}],"wp:featuredmedia":[{"embeddable":true,"href":"https:\/\/www.hirtenberg-apotheke.at\/katalog\/wp-json\/wp\/v2\/media\/30454"}],"wp:attachment":[{"href":"https:\/\/www.hirtenberg-apotheke.at\/katalog\/wp-json\/wp\/v2\/media?parent=30452"}],"wp:term":[{"taxonomy":"product_brand","embeddable":true,"href":"https:\/\/www.hirtenberg-apotheke.at\/katalog\/wp-json\/wp\/v2\/product_brand?post=30452"},{"taxonomy":"product_cat","embeddable":true,"href":"https:\/\/www.hirtenberg-apotheke.at\/katalog\/wp-json\/wp\/v2\/product_cat?post=30452"},{"taxonomy":"product_tag","embeddable":true,"href":"https:\/\/www.hirtenberg-apotheke.at\/katalog\/wp-json\/wp\/v2\/product_tag?post=30452"}],"curies":[{"name":"wp","href":"https:\/\/api.w.org\/{rel}","templated":true}]}}