{"id":30458,"date":"2025-11-25T21:38:58","date_gmt":"2025-11-25T20:38:58","guid":{"rendered":"https:\/\/www.hirtenberg-apotheke.at\/katalog\/produkt\/waermeflasche-frank-frotteebezug-gross-1-stk\/"},"modified":"2025-11-25T21:39:04","modified_gmt":"2025-11-25T20:39:04","slug":"waermeflasche-frank-frotteebezug-gross-1-stk","status":"publish","type":"product","link":"https:\/\/www.hirtenberg-apotheke.at\/katalog\/produkt\/waermeflasche-frank-frotteebezug-gross-1-stk\/","title":{"rendered":"W\u00e4rmeflasche Frank + Frotteebezug Gro\u00df 1 Stk."},"content":{"rendered":"<p>W\u00e4rmeflasche Frank + Frotteebezug Gr ist eine gro\u00dfe W\u00e4rmeflasche mit Frotteebezug, fliederfarbig.<\/p>\n","protected":false},"excerpt":{"rendered":"<p>W\u00e4rmeflasche Frank + Frotteebezug Gr ist eine gro\u00dfe W\u00e4rmeflasche mit Frotteebezug, fliederfarbig.<\/p>\n","protected":false},"featured_media":30460,"template":"","meta":{"_acf_changed":false},"product_brand":[],"product_cat":[368],"product_tag":[],"class_list":{"0":"post-30458","1":"product","2":"type-product","3":"status-publish","4":"has-post-thumbnail","6":"product_cat-w","7":"pa_packungsgroesse-1-stueck","9":"first","10":"instock","11":"shipping-taxable","12":"purchasable","13":"product-type-simple"},"acf":[],"_links":{"self":[{"href":"https:\/\/www.hirtenberg-apotheke.at\/katalog\/wp-json\/wp\/v2\/product\/30458","targetHints":{"allow":["GET"]}}],"collection":[{"href":"https:\/\/www.hirtenberg-apotheke.at\/katalog\/wp-json\/wp\/v2\/product"}],"about":[{"href":"https:\/\/www.hirtenberg-apotheke.at\/katalog\/wp-json\/wp\/v2\/types\/product"}],"wp:featuredmedia":[{"embeddable":true,"href":"https:\/\/www.hirtenberg-apotheke.at\/katalog\/wp-json\/wp\/v2\/media\/30460"}],"wp:attachment":[{"href":"https:\/\/www.hirtenberg-apotheke.at\/katalog\/wp-json\/wp\/v2\/media?parent=30458"}],"wp:term":[{"taxonomy":"product_brand","embeddable":true,"href":"https:\/\/www.hirtenberg-apotheke.at\/katalog\/wp-json\/wp\/v2\/product_brand?post=30458"},{"taxonomy":"product_cat","embeddable":true,"href":"https:\/\/www.hirtenberg-apotheke.at\/katalog\/wp-json\/wp\/v2\/product_cat?post=30458"},{"taxonomy":"product_tag","embeddable":true,"href":"https:\/\/www.hirtenberg-apotheke.at\/katalog\/wp-json\/wp\/v2\/product_tag?post=30458"}],"curies":[{"name":"wp","href":"https:\/\/api.w.org\/{rel}","templated":true}]}}