{"id":30477,"date":"2025-11-25T21:38:58","date_gmt":"2025-11-25T20:38:58","guid":{"rendered":"https:\/\/www.hirtenberg-apotheke.at\/katalog\/produkt\/natracare-slipeinlagen-normal-18-stk\/"},"modified":"2025-11-25T21:39:17","modified_gmt":"2025-11-25T20:39:17","slug":"natracare-slipeinlagen-normal-18-stk","status":"publish","type":"product","link":"https:\/\/www.hirtenberg-apotheke.at\/katalog\/produkt\/natracare-slipeinlagen-normal-18-stk\/","title":{"rendered":"Natracare Slipeinlagen Normal 18 Stk."},"content":{"rendered":"<p>Natracare steht f\u00fcr mehr als nur biologische und nat\u00fcrliche Produkte. Natracare ist ein besonders ausgezeichnetes, ethisches Unternehmen, das sich dazu verpflichtet f\u00fchlt, biologische und nat\u00fcrliche L\u00f6sungen f\u00fcr K\u00f6rper- und Intimpflege anzubieten, die in ihren Umweltbelastungen im Hinblick auf zuk\u00fcnftige Generationen nur einen weichen Abdruck auf der Erde hinterlassen.<\/p>\n","protected":false},"excerpt":{"rendered":"<p>Natracare steht f\u00fcr mehr als nur biologische und nat\u00fcrliche Produkte. Natracare ist ein besonders ausgezeichnetes, ethisches Unternehmen, das sich dazu verpflichtet f\u00fchlt, biologische und nat\u00fcrliche L\u00f6sungen f\u00fcr K\u00f6rper- und Intimpflege anzubieten, die in ihren Umweltbelastungen im Hinblick auf zuk\u00fcnftige Generationen nur einen weichen Abdruck auf der Erde hinterlassen.<\/p>\n","protected":false},"featured_media":30479,"template":"","meta":{"_acf_changed":false},"product_brand":[],"product_cat":[310],"product_tag":[],"class_list":{"0":"post-30477","1":"product","2":"type-product","3":"status-publish","4":"has-post-thumbnail","6":"product_cat-n","7":"pa_packungsgroesse-18-stueck","9":"first","10":"instock","11":"shipping-taxable","12":"purchasable","13":"product-type-simple"},"acf":[],"_links":{"self":[{"href":"https:\/\/www.hirtenberg-apotheke.at\/katalog\/wp-json\/wp\/v2\/product\/30477","targetHints":{"allow":["GET"]}}],"collection":[{"href":"https:\/\/www.hirtenberg-apotheke.at\/katalog\/wp-json\/wp\/v2\/product"}],"about":[{"href":"https:\/\/www.hirtenberg-apotheke.at\/katalog\/wp-json\/wp\/v2\/types\/product"}],"wp:featuredmedia":[{"embeddable":true,"href":"https:\/\/www.hirtenberg-apotheke.at\/katalog\/wp-json\/wp\/v2\/media\/30479"}],"wp:attachment":[{"href":"https:\/\/www.hirtenberg-apotheke.at\/katalog\/wp-json\/wp\/v2\/media?parent=30477"}],"wp:term":[{"taxonomy":"product_brand","embeddable":true,"href":"https:\/\/www.hirtenberg-apotheke.at\/katalog\/wp-json\/wp\/v2\/product_brand?post=30477"},{"taxonomy":"product_cat","embeddable":true,"href":"https:\/\/www.hirtenberg-apotheke.at\/katalog\/wp-json\/wp\/v2\/product_cat?post=30477"},{"taxonomy":"product_tag","embeddable":true,"href":"https:\/\/www.hirtenberg-apotheke.at\/katalog\/wp-json\/wp\/v2\/product_tag?post=30477"}],"curies":[{"name":"wp","href":"https:\/\/api.w.org\/{rel}","templated":true}]}}