{"id":30580,"date":"2025-11-25T21:47:57","date_gmt":"2025-11-25T20:47:57","guid":{"rendered":"https:\/\/www.hirtenberg-apotheke.at\/katalog\/produkt\/thick-easy-225-g-dose\/"},"modified":"2025-11-25T21:48:42","modified_gmt":"2025-11-25T20:48:42","slug":"thick-easy-225-g-dose","status":"publish","type":"product","link":"https:\/\/www.hirtenberg-apotheke.at\/katalog\/produkt\/thick-easy-225-g-dose\/","title":{"rendered":"Thick &#038; Easy 225 g Dose"},"content":{"rendered":"<p>Thick &#038; Easy 225 g Dose ist ein Andickungspulver zur sicheren Ern\u00e4hrung bei Schluckst\u00f6rungen. Es gibt 98 % der gebundenen Fl\u00fcssigkeit wieder frei und hilft bei einer einfachen und schnellen Zubereitung. Bereits nach 1 Minute ist die gew\u00fcnschte Konsistenz erreicht. Geschmacksneutral, laktosefrei und glutenfrei.<\/p>\n","protected":false},"excerpt":{"rendered":"<p>Thick &#038; Easy 225 g Dose ist ein Andickungspulver zur sicheren Ern\u00e4hrung bei Schluckst\u00f6rungen. Es gibt 98 % der gebundenen Fl\u00fcssigkeit wieder frei und hilft bei einer einfachen und schnellen Zubereitung. Bereits nach 1 Minute ist die gew\u00fcnschte Konsistenz erreicht. Geschmacksneutral, laktosefrei und glutenfrei.<\/p>\n","protected":false},"featured_media":30582,"template":"","meta":{"_acf_changed":false},"product_brand":[],"product_cat":[319],"product_tag":[],"class_list":{"0":"post-30580","1":"product","2":"type-product","3":"status-publish","4":"has-post-thumbnail","6":"product_cat-t","7":"pa_packungsgroesse-1-stueck","9":"first","10":"instock","11":"shipping-taxable","12":"purchasable","13":"product-type-simple"},"acf":[],"_links":{"self":[{"href":"https:\/\/www.hirtenberg-apotheke.at\/katalog\/wp-json\/wp\/v2\/product\/30580","targetHints":{"allow":["GET"]}}],"collection":[{"href":"https:\/\/www.hirtenberg-apotheke.at\/katalog\/wp-json\/wp\/v2\/product"}],"about":[{"href":"https:\/\/www.hirtenberg-apotheke.at\/katalog\/wp-json\/wp\/v2\/types\/product"}],"wp:featuredmedia":[{"embeddable":true,"href":"https:\/\/www.hirtenberg-apotheke.at\/katalog\/wp-json\/wp\/v2\/media\/30582"}],"wp:attachment":[{"href":"https:\/\/www.hirtenberg-apotheke.at\/katalog\/wp-json\/wp\/v2\/media?parent=30580"}],"wp:term":[{"taxonomy":"product_brand","embeddable":true,"href":"https:\/\/www.hirtenberg-apotheke.at\/katalog\/wp-json\/wp\/v2\/product_brand?post=30580"},{"taxonomy":"product_cat","embeddable":true,"href":"https:\/\/www.hirtenberg-apotheke.at\/katalog\/wp-json\/wp\/v2\/product_cat?post=30580"},{"taxonomy":"product_tag","embeddable":true,"href":"https:\/\/www.hirtenberg-apotheke.at\/katalog\/wp-json\/wp\/v2\/product_tag?post=30580"}],"curies":[{"name":"wp","href":"https:\/\/api.w.org\/{rel}","templated":true}]}}