{"id":30593,"date":"2025-11-25T21:48:42","date_gmt":"2025-11-25T20:48:42","guid":{"rendered":"https:\/\/www.hirtenberg-apotheke.at\/katalog\/produkt\/nutricia-fortimel-pulver-dose-335-g-1-stk-neutral\/"},"modified":"2025-11-25T21:53:39","modified_gmt":"2025-11-25T20:53:39","slug":"nutricia-fortimel-pulver-dose-335-g-1-stk-neutral","status":"publish","type":"product","link":"https:\/\/www.hirtenberg-apotheke.at\/katalog\/produkt\/nutricia-fortimel-pulver-dose-335-g-1-stk-neutral\/","title":{"rendered":"Nutricia Fortimel Pulver Dose 335 g 1 Stk. Neutral"},"content":{"rendered":"<p>Nutricia Fortimel Pulver ist eine vollbilanzierte Aufbaunahrung in Pulverform zum Anr\u00fchren als Getr\u00e4nk oder zum Anreichern von Speisen.Zur di\u00e4tetischen Behandlung von krankheitsbedingter Mangelern\u00e4hrung, insbesondere bei erh\u00f6htem Energie- und Eiwei\u00dfbedarf (z.B. aufgrund von Essproblemen, Appetitlosigkeit und ungewolltem Gewichtsverlust) oder in der Rekonvaleszenz.<\/p>\n","protected":false},"excerpt":{"rendered":"<p>Nutricia Fortimel Pulver ist eine vollbilanzierte Aufbaunahrung in Pulverform zum Anr\u00fchren als Getr\u00e4nk oder zum Anreichern von Speisen.Zur di\u00e4tetischen Behandlung von krankheitsbedingter Mangelern\u00e4hrung, insbesondere bei erh\u00f6htem Energie- und Eiwei\u00dfbedarf (z.B. aufgrund von Essproblemen, Appetitlosigkeit und ungewolltem Gewichtsverlust) oder in der Rekonvaleszenz.<\/p>\n","protected":false},"featured_media":0,"template":"","meta":{"_acf_changed":false},"product_brand":[943],"product_cat":[310],"product_tag":[],"class_list":{"0":"post-30593","1":"product","2":"type-product","3":"status-publish","5":"product_brand-fortimel","6":"product_cat-n","7":"pa_geschmack-erdbeere","8":"pa_geschmack-neutral","9":"pa_geschmack-vanille","10":"pa_packungsgroesse-1-stueck","12":"first","13":"instock","14":"shipping-taxable","15":"purchasable","16":"product-type-simple"},"acf":[],"_links":{"self":[{"href":"https:\/\/www.hirtenberg-apotheke.at\/katalog\/wp-json\/wp\/v2\/product\/30593","targetHints":{"allow":["GET"]}}],"collection":[{"href":"https:\/\/www.hirtenberg-apotheke.at\/katalog\/wp-json\/wp\/v2\/product"}],"about":[{"href":"https:\/\/www.hirtenberg-apotheke.at\/katalog\/wp-json\/wp\/v2\/types\/product"}],"wp:attachment":[{"href":"https:\/\/www.hirtenberg-apotheke.at\/katalog\/wp-json\/wp\/v2\/media?parent=30593"}],"wp:term":[{"taxonomy":"product_brand","embeddable":true,"href":"https:\/\/www.hirtenberg-apotheke.at\/katalog\/wp-json\/wp\/v2\/product_brand?post=30593"},{"taxonomy":"product_cat","embeddable":true,"href":"https:\/\/www.hirtenberg-apotheke.at\/katalog\/wp-json\/wp\/v2\/product_cat?post=30593"},{"taxonomy":"product_tag","embeddable":true,"href":"https:\/\/www.hirtenberg-apotheke.at\/katalog\/wp-json\/wp\/v2\/product_tag?post=30593"}],"curies":[{"name":"wp","href":"https:\/\/api.w.org\/{rel}","templated":true}]}}