{"id":30819,"date":"2025-11-25T21:53:59","date_gmt":"2025-11-25T20:53:59","guid":{"rendered":"https:\/\/www.hirtenberg-apotheke.at\/katalog\/produkt\/nutricia-fortimel-compact-fibre-125-4-stk-mocca\/"},"modified":"2025-11-25T22:02:33","modified_gmt":"2025-11-25T21:02:33","slug":"nutricia-fortimel-compact-fibre-125-4-stk-mocca","status":"publish","type":"product","link":"https:\/\/www.hirtenberg-apotheke.at\/katalog\/produkt\/nutricia-fortimel-compact-fibre-125-4-stk-mocca\/","title":{"rendered":"Nutricia Fortimel Compact Fibre 125 4 Stk. Mocca"},"content":{"rendered":"<p>Das umfangreiche, innovative Sortiment der Fortimel-Trinknahrungen wurde f\u00fcr spezielle Ern\u00e4hrungsbed\u00fcrfnisse entwickelt. Alle Fortimel-Produkte besitzen eine besondere, spezifische N\u00e4hrstoffzusammensetzung, die \u00fcber die Aufnahme konventioneller Nahrungsmittel allein nicht so leicht erreicht werden kann. Fortimel-Produkte sind als fester Bestandteil einer Therapie gedacht, um den Krankheitsverlauf positiv zu beeinflussen, die Symptome zu lindern, die Krankheitsprogression zu verz\u00f6gern und die Genesung zu f\u00f6rdern.<\/p>\n","protected":false},"excerpt":{"rendered":"<p>Das umfangreiche, innovative Sortiment der Fortimel-Trinknahrungen wurde f\u00fcr spezielle Ern\u00e4hrungsbed\u00fcrfnisse entwickelt. Alle Fortimel-Produkte besitzen eine besondere, spezifische N\u00e4hrstoffzusammensetzung, die \u00fcber die Aufnahme konventioneller Nahrungsmittel allein nicht so leicht erreicht werden kann. Fortimel-Produkte sind als fester Bestandteil einer Therapie gedacht, um den Krankheitsverlauf positiv zu beeinflussen, die Symptome zu lindern, die Krankheitsprogression zu verz\u00f6gern und die [&hellip;]<\/p>\n","protected":false},"featured_media":0,"template":"","meta":{"_acf_changed":false},"product_brand":[943],"product_cat":[310],"product_tag":[],"class_list":{"0":"post-30819","1":"product","2":"type-product","3":"status-publish","5":"product_brand-fortimel","6":"product_cat-n","7":"pa_geschmack-erdbeere","8":"pa_geschmack-mokka","9":"pa_geschmack-sortiert","10":"pa_geschmack-vanille","11":"pa_packungsgroesse-24-stueck","12":"pa_packungsgroesse-4-stueck","14":"first","15":"instock","16":"shipping-taxable","17":"purchasable","18":"product-type-simple"},"acf":[],"_links":{"self":[{"href":"https:\/\/www.hirtenberg-apotheke.at\/katalog\/wp-json\/wp\/v2\/product\/30819","targetHints":{"allow":["GET"]}}],"collection":[{"href":"https:\/\/www.hirtenberg-apotheke.at\/katalog\/wp-json\/wp\/v2\/product"}],"about":[{"href":"https:\/\/www.hirtenberg-apotheke.at\/katalog\/wp-json\/wp\/v2\/types\/product"}],"wp:attachment":[{"href":"https:\/\/www.hirtenberg-apotheke.at\/katalog\/wp-json\/wp\/v2\/media?parent=30819"}],"wp:term":[{"taxonomy":"product_brand","embeddable":true,"href":"https:\/\/www.hirtenberg-apotheke.at\/katalog\/wp-json\/wp\/v2\/product_brand?post=30819"},{"taxonomy":"product_cat","embeddable":true,"href":"https:\/\/www.hirtenberg-apotheke.at\/katalog\/wp-json\/wp\/v2\/product_cat?post=30819"},{"taxonomy":"product_tag","embeddable":true,"href":"https:\/\/www.hirtenberg-apotheke.at\/katalog\/wp-json\/wp\/v2\/product_tag?post=30819"}],"curies":[{"name":"wp","href":"https:\/\/api.w.org\/{rel}","templated":true}]}}