{"id":31167,"date":"2025-11-25T22:01:25","date_gmt":"2025-11-25T21:01:25","guid":{"rendered":"https:\/\/www.hirtenberg-apotheke.at\/katalog\/produkt\/fresubin-2-kcal-drink-24-stk-waldfrucht\/"},"modified":"2025-11-25T22:01:32","modified_gmt":"2025-11-25T21:01:32","slug":"fresubin-2-kcal-drink-24-stk-waldfrucht","status":"publish","type":"product","link":"https:\/\/www.hirtenberg-apotheke.at\/katalog\/produkt\/fresubin-2-kcal-drink-24-stk-waldfrucht\/","title":{"rendered":"Fresubin 2 kcal DRINK 24 Stk. Waldfrucht"},"content":{"rendered":"<p>Fresubin 2 kcal DRINK &#8211; Alle wichtigen N\u00e4hrstoffe in einer Flasche. Zum Di\u00e4tmanagement bei Patienten mit bestehender oder drohender Mangelern\u00e4hrung oder St\u00f6rungen der Nahrungsaufnahme, insbesondere bei erh\u00f6htem Energie- und Eiwei\u00dfbedarf oder limitierter Fl\u00fcssigkeitstoleranz.<\/p>\n","protected":false},"excerpt":{"rendered":"<p>Fresubin 2 kcal DRINK &#8211; Alle wichtigen N\u00e4hrstoffe in einer Flasche. Zum Di\u00e4tmanagement bei Patienten mit bestehender oder drohender Mangelern\u00e4hrung oder St\u00f6rungen der Nahrungsaufnahme, insbesondere bei erh\u00f6htem Energie- und Eiwei\u00dfbedarf oder limitierter Fl\u00fcssigkeitstoleranz.<\/p>\n","protected":false},"featured_media":31169,"template":"","meta":{"_acf_changed":false},"product_brand":[],"product_cat":[322],"product_tag":[],"class_list":{"0":"post-31167","1":"product","2":"type-product","3":"status-publish","4":"has-post-thumbnail","6":"product_cat-f","7":"pa_packungsgroesse-24-stueck","9":"first","10":"instock","11":"shipping-taxable","12":"purchasable","13":"product-type-simple"},"acf":[],"_links":{"self":[{"href":"https:\/\/www.hirtenberg-apotheke.at\/katalog\/wp-json\/wp\/v2\/product\/31167","targetHints":{"allow":["GET"]}}],"collection":[{"href":"https:\/\/www.hirtenberg-apotheke.at\/katalog\/wp-json\/wp\/v2\/product"}],"about":[{"href":"https:\/\/www.hirtenberg-apotheke.at\/katalog\/wp-json\/wp\/v2\/types\/product"}],"wp:featuredmedia":[{"embeddable":true,"href":"https:\/\/www.hirtenberg-apotheke.at\/katalog\/wp-json\/wp\/v2\/media\/31169"}],"wp:attachment":[{"href":"https:\/\/www.hirtenberg-apotheke.at\/katalog\/wp-json\/wp\/v2\/media?parent=31167"}],"wp:term":[{"taxonomy":"product_brand","embeddable":true,"href":"https:\/\/www.hirtenberg-apotheke.at\/katalog\/wp-json\/wp\/v2\/product_brand?post=31167"},{"taxonomy":"product_cat","embeddable":true,"href":"https:\/\/www.hirtenberg-apotheke.at\/katalog\/wp-json\/wp\/v2\/product_cat?post=31167"},{"taxonomy":"product_tag","embeddable":true,"href":"https:\/\/www.hirtenberg-apotheke.at\/katalog\/wp-json\/wp\/v2\/product_tag?post=31167"}],"curies":[{"name":"wp","href":"https:\/\/api.w.org\/{rel}","templated":true}]}}