{"id":31268,"date":"2025-11-25T22:03:02","date_gmt":"2025-11-25T21:03:02","guid":{"rendered":"https:\/\/www.hirtenberg-apotheke.at\/katalog\/produkt\/fresenius-calshake-7-x-90-g-1-stk-schoko\/"},"modified":"2025-11-25T22:03:06","modified_gmt":"2025-11-25T21:03:06","slug":"fresenius-calshake-7-x-90-g-1-stk-schoko","status":"publish","type":"product","link":"https:\/\/www.hirtenberg-apotheke.at\/katalog\/produkt\/fresenius-calshake-7-x-90-g-1-stk-schoko\/","title":{"rendered":"Fresenius Calshake 7 x 90 g 1 Stk. Schoko"},"content":{"rendered":"<p>Fresenius Kabi in \u00d6sterreich hat sich auf die Entwicklung, Herstellung und den Vertrieb von Produkten f\u00fcr die Infusions- und Ern\u00e4hrungstherapie spezialisiert. Mit einem umfassenden Portfolio an intraven\u00f6s verabreichten Arzneimitteln und Ern\u00e4hrungsprodukten geh\u00f6rt Fresenius Kabi zu den f\u00fchrenden Unternehmen im \u00f6sterreichischen Krankenhaus und im au\u00dferklinischen Bereich.<\/p>\n","protected":false},"excerpt":{"rendered":"<p>Fresenius Kabi in \u00d6sterreich hat sich auf die Entwicklung, Herstellung und den Vertrieb von Produkten f\u00fcr die Infusions- und Ern\u00e4hrungstherapie spezialisiert. Mit einem umfassenden Portfolio an intraven\u00f6s verabreichten Arzneimitteln und Ern\u00e4hrungsprodukten geh\u00f6rt Fresenius Kabi zu den f\u00fchrenden Unternehmen im \u00f6sterreichischen Krankenhaus und im au\u00dferklinischen Bereich.<\/p>\n","protected":false},"featured_media":31270,"template":"","meta":{"_acf_changed":false},"product_brand":[],"product_cat":[322],"product_tag":[],"class_list":{"0":"post-31268","1":"product","2":"type-product","3":"status-publish","4":"has-post-thumbnail","6":"product_cat-f","7":"pa_packungsgroesse-7-stueck","9":"first","10":"instock","11":"shipping-taxable","12":"purchasable","13":"product-type-simple"},"acf":[],"_links":{"self":[{"href":"https:\/\/www.hirtenberg-apotheke.at\/katalog\/wp-json\/wp\/v2\/product\/31268","targetHints":{"allow":["GET"]}}],"collection":[{"href":"https:\/\/www.hirtenberg-apotheke.at\/katalog\/wp-json\/wp\/v2\/product"}],"about":[{"href":"https:\/\/www.hirtenberg-apotheke.at\/katalog\/wp-json\/wp\/v2\/types\/product"}],"wp:featuredmedia":[{"embeddable":true,"href":"https:\/\/www.hirtenberg-apotheke.at\/katalog\/wp-json\/wp\/v2\/media\/31270"}],"wp:attachment":[{"href":"https:\/\/www.hirtenberg-apotheke.at\/katalog\/wp-json\/wp\/v2\/media?parent=31268"}],"wp:term":[{"taxonomy":"product_brand","embeddable":true,"href":"https:\/\/www.hirtenberg-apotheke.at\/katalog\/wp-json\/wp\/v2\/product_brand?post=31268"},{"taxonomy":"product_cat","embeddable":true,"href":"https:\/\/www.hirtenberg-apotheke.at\/katalog\/wp-json\/wp\/v2\/product_cat?post=31268"},{"taxonomy":"product_tag","embeddable":true,"href":"https:\/\/www.hirtenberg-apotheke.at\/katalog\/wp-json\/wp\/v2\/product_tag?post=31268"}],"curies":[{"name":"wp","href":"https:\/\/api.w.org\/{rel}","templated":true}]}}