{"id":31326,"date":"2025-11-25T22:03:47","date_gmt":"2025-11-25T21:03:47","guid":{"rendered":"https:\/\/www.hirtenberg-apotheke.at\/katalog\/produkt\/fresubin-energy-fibre-drink-24-stk-erdbeere\/"},"modified":"2025-11-25T22:03:50","modified_gmt":"2025-11-25T21:03:50","slug":"fresubin-energy-fibre-drink-24-stk-erdbeere","status":"publish","type":"product","link":"https:\/\/www.hirtenberg-apotheke.at\/katalog\/produkt\/fresubin-energy-fibre-drink-24-stk-erdbeere\/","title":{"rendered":"Fresubin Energy Fibre DRINK 24 Stk. Erdbeere"},"content":{"rendered":"<p>Fresubin Energy Fibre DRINK &#8211; Gro\u00dfe energie- &#038; ballaststoffreiche Auswahl f\u00fcr jeden Geschmack. Zum Di\u00e4tmanagement bei Patienten mit bestehender oder drohender Mangelern\u00e4hrung, insbesondere bei erh\u00f6htem Energiebedarf.<\/p>\n","protected":false},"excerpt":{"rendered":"<p>Fresubin Energy Fibre DRINK &#8211; Gro\u00dfe energie- &#038; ballaststoffreiche Auswahl f\u00fcr jeden Geschmack. Zum Di\u00e4tmanagement bei Patienten mit bestehender oder drohender Mangelern\u00e4hrung, insbesondere bei erh\u00f6htem Energiebedarf.<\/p>\n","protected":false},"featured_media":31328,"template":"","meta":{"_acf_changed":false},"product_brand":[],"product_cat":[322],"product_tag":[],"class_list":{"0":"post-31326","1":"product","2":"type-product","3":"status-publish","4":"has-post-thumbnail","6":"product_cat-f","7":"pa_packungsgroesse-24-stueck","9":"first","10":"instock","11":"shipping-taxable","12":"purchasable","13":"product-type-simple"},"acf":[],"_links":{"self":[{"href":"https:\/\/www.hirtenberg-apotheke.at\/katalog\/wp-json\/wp\/v2\/product\/31326","targetHints":{"allow":["GET"]}}],"collection":[{"href":"https:\/\/www.hirtenberg-apotheke.at\/katalog\/wp-json\/wp\/v2\/product"}],"about":[{"href":"https:\/\/www.hirtenberg-apotheke.at\/katalog\/wp-json\/wp\/v2\/types\/product"}],"wp:featuredmedia":[{"embeddable":true,"href":"https:\/\/www.hirtenberg-apotheke.at\/katalog\/wp-json\/wp\/v2\/media\/31328"}],"wp:attachment":[{"href":"https:\/\/www.hirtenberg-apotheke.at\/katalog\/wp-json\/wp\/v2\/media?parent=31326"}],"wp:term":[{"taxonomy":"product_brand","embeddable":true,"href":"https:\/\/www.hirtenberg-apotheke.at\/katalog\/wp-json\/wp\/v2\/product_brand?post=31326"},{"taxonomy":"product_cat","embeddable":true,"href":"https:\/\/www.hirtenberg-apotheke.at\/katalog\/wp-json\/wp\/v2\/product_cat?post=31326"},{"taxonomy":"product_tag","embeddable":true,"href":"https:\/\/www.hirtenberg-apotheke.at\/katalog\/wp-json\/wp\/v2\/product_tag?post=31326"}],"curies":[{"name":"wp","href":"https:\/\/api.w.org\/{rel}","templated":true}]}}