{"id":31397,"date":"2025-11-25T22:04:54","date_gmt":"2025-11-25T21:04:54","guid":{"rendered":"https:\/\/www.hirtenberg-apotheke.at\/katalog\/produkt\/tena-inkontinenz-lady-normal-24-stk\/"},"modified":"2025-11-25T22:04:58","modified_gmt":"2025-11-25T21:04:58","slug":"tena-inkontinenz-lady-normal-24-stk","status":"publish","type":"product","link":"https:\/\/www.hirtenberg-apotheke.at\/katalog\/produkt\/tena-inkontinenz-lady-normal-24-stk\/","title":{"rendered":"Tena Inkontinenz Lady Normal 24 Stk."},"content":{"rendered":"<p>Tena Inkontinenz Lady Normal ist eine weiche und k\u00f6rpernah geformte Einlage. So diskret wie Damenhygiene-Produkte, dabei saugf\u00e4higer. F\u00fcr ein trockenes und angenehmes Gef\u00fchl.<\/p>\n","protected":false},"excerpt":{"rendered":"<p>Tena Inkontinenz Lady Normal ist eine weiche und k\u00f6rpernah geformte Einlage. So diskret wie Damenhygiene-Produkte, dabei saugf\u00e4higer. F\u00fcr ein trockenes und angenehmes Gef\u00fchl.<\/p>\n","protected":false},"featured_media":31399,"template":"","meta":{"_acf_changed":false},"product_brand":[],"product_cat":[319],"product_tag":[],"class_list":{"0":"post-31397","1":"product","2":"type-product","3":"status-publish","4":"has-post-thumbnail","6":"product_cat-t","7":"pa_packungsgroesse-24-stueck","9":"first","10":"instock","11":"shipping-taxable","12":"purchasable","13":"product-type-simple"},"acf":[],"_links":{"self":[{"href":"https:\/\/www.hirtenberg-apotheke.at\/katalog\/wp-json\/wp\/v2\/product\/31397","targetHints":{"allow":["GET"]}}],"collection":[{"href":"https:\/\/www.hirtenberg-apotheke.at\/katalog\/wp-json\/wp\/v2\/product"}],"about":[{"href":"https:\/\/www.hirtenberg-apotheke.at\/katalog\/wp-json\/wp\/v2\/types\/product"}],"wp:featuredmedia":[{"embeddable":true,"href":"https:\/\/www.hirtenberg-apotheke.at\/katalog\/wp-json\/wp\/v2\/media\/31399"}],"wp:attachment":[{"href":"https:\/\/www.hirtenberg-apotheke.at\/katalog\/wp-json\/wp\/v2\/media?parent=31397"}],"wp:term":[{"taxonomy":"product_brand","embeddable":true,"href":"https:\/\/www.hirtenberg-apotheke.at\/katalog\/wp-json\/wp\/v2\/product_brand?post=31397"},{"taxonomy":"product_cat","embeddable":true,"href":"https:\/\/www.hirtenberg-apotheke.at\/katalog\/wp-json\/wp\/v2\/product_cat?post=31397"},{"taxonomy":"product_tag","embeddable":true,"href":"https:\/\/www.hirtenberg-apotheke.at\/katalog\/wp-json\/wp\/v2\/product_tag?post=31397"}],"curies":[{"name":"wp","href":"https:\/\/api.w.org\/{rel}","templated":true}]}}