{"id":31404,"date":"2025-11-25T22:05:04","date_gmt":"2025-11-25T21:05:04","guid":{"rendered":"https:\/\/www.hirtenberg-apotheke.at\/katalog\/produkt\/tena-inkontinenz-lady-maxi-night-12-stk\/"},"modified":"2025-11-25T22:05:06","modified_gmt":"2025-11-25T21:05:06","slug":"tena-inkontinenz-lady-maxi-night-12-stk","status":"publish","type":"product","link":"https:\/\/www.hirtenberg-apotheke.at\/katalog\/produkt\/tena-inkontinenz-lady-maxi-night-12-stk\/","title":{"rendered":"Tena Inkontinenz Lady Maxi Night 12 Stk."},"content":{"rendered":"<p>Tena Inkontinenz Lady Maxi Night hat ein weiches und atmungsaktives Material, das die Luft zirkulieren l\u00e4sst. So wird Feuchtigkeit vermieden und eine gesunde Haut gef\u00f6rdert. Mit Tena Lady f\u00fchlt sich Ihr Angeh\u00f6riger stets frisch.<\/p>\n","protected":false},"excerpt":{"rendered":"<p>Tena Inkontinenz Lady Maxi Night hat ein weiches und atmungsaktives Material, das die Luft zirkulieren l\u00e4sst. So wird Feuchtigkeit vermieden und eine gesunde Haut gef\u00f6rdert. Mit Tena Lady f\u00fchlt sich Ihr Angeh\u00f6riger stets frisch.<\/p>\n","protected":false},"featured_media":0,"template":"","meta":{"_acf_changed":false},"product_brand":[],"product_cat":[319],"product_tag":[],"class_list":{"0":"post-31404","1":"product","2":"type-product","3":"status-publish","5":"product_cat-t","6":"pa_packungsgroesse-12-stueck","8":"first","9":"instock","10":"shipping-taxable","11":"purchasable","12":"product-type-simple"},"acf":[],"_links":{"self":[{"href":"https:\/\/www.hirtenberg-apotheke.at\/katalog\/wp-json\/wp\/v2\/product\/31404","targetHints":{"allow":["GET"]}}],"collection":[{"href":"https:\/\/www.hirtenberg-apotheke.at\/katalog\/wp-json\/wp\/v2\/product"}],"about":[{"href":"https:\/\/www.hirtenberg-apotheke.at\/katalog\/wp-json\/wp\/v2\/types\/product"}],"wp:attachment":[{"href":"https:\/\/www.hirtenberg-apotheke.at\/katalog\/wp-json\/wp\/v2\/media?parent=31404"}],"wp:term":[{"taxonomy":"product_brand","embeddable":true,"href":"https:\/\/www.hirtenberg-apotheke.at\/katalog\/wp-json\/wp\/v2\/product_brand?post=31404"},{"taxonomy":"product_cat","embeddable":true,"href":"https:\/\/www.hirtenberg-apotheke.at\/katalog\/wp-json\/wp\/v2\/product_cat?post=31404"},{"taxonomy":"product_tag","embeddable":true,"href":"https:\/\/www.hirtenberg-apotheke.at\/katalog\/wp-json\/wp\/v2\/product_tag?post=31404"}],"curies":[{"name":"wp","href":"https:\/\/api.w.org\/{rel}","templated":true}]}}