{"id":31439,"date":"2025-11-25T22:05:46","date_gmt":"2025-11-25T21:05:46","guid":{"rendered":"https:\/\/www.hirtenberg-apotheke.at\/katalog\/produkt\/tena-inkontinenz-lady-super-30-stk\/"},"modified":"2025-11-25T22:05:48","modified_gmt":"2025-11-25T21:05:48","slug":"tena-inkontinenz-lady-super-30-stk","status":"publish","type":"product","link":"https:\/\/www.hirtenberg-apotheke.at\/katalog\/produkt\/tena-inkontinenz-lady-super-30-stk\/","title":{"rendered":"Tena Inkontinenz Lady Super 30 Stk."},"content":{"rendered":"<p>Tena Inkontinenz Lady Super ist eine weiche und k\u00f6rpernah geformte Einlage. Diese Einlage bietet extra Saugst\u00e4rke und ist geeignet f\u00fcr die Nachtversorgung. Dank hoher Atmungsaktivit\u00e4t ist sie besonders angenehm f\u00fcr die Haut.<\/p>\n","protected":false},"excerpt":{"rendered":"<p>Tena Inkontinenz Lady Super ist eine weiche und k\u00f6rpernah geformte Einlage. Diese Einlage bietet extra Saugst\u00e4rke und ist geeignet f\u00fcr die Nachtversorgung. Dank hoher Atmungsaktivit\u00e4t ist sie besonders angenehm f\u00fcr die Haut.<\/p>\n","protected":false},"featured_media":0,"template":"","meta":{"_acf_changed":false},"product_brand":[],"product_cat":[319],"product_tag":[],"class_list":{"0":"post-31439","1":"product","2":"type-product","3":"status-publish","5":"product_cat-t","6":"pa_packungsgroesse-30-stueck","8":"first","9":"instock","10":"shipping-taxable","11":"purchasable","12":"product-type-simple"},"acf":[],"_links":{"self":[{"href":"https:\/\/www.hirtenberg-apotheke.at\/katalog\/wp-json\/wp\/v2\/product\/31439","targetHints":{"allow":["GET"]}}],"collection":[{"href":"https:\/\/www.hirtenberg-apotheke.at\/katalog\/wp-json\/wp\/v2\/product"}],"about":[{"href":"https:\/\/www.hirtenberg-apotheke.at\/katalog\/wp-json\/wp\/v2\/types\/product"}],"wp:attachment":[{"href":"https:\/\/www.hirtenberg-apotheke.at\/katalog\/wp-json\/wp\/v2\/media?parent=31439"}],"wp:term":[{"taxonomy":"product_brand","embeddable":true,"href":"https:\/\/www.hirtenberg-apotheke.at\/katalog\/wp-json\/wp\/v2\/product_brand?post=31439"},{"taxonomy":"product_cat","embeddable":true,"href":"https:\/\/www.hirtenberg-apotheke.at\/katalog\/wp-json\/wp\/v2\/product_cat?post=31439"},{"taxonomy":"product_tag","embeddable":true,"href":"https:\/\/www.hirtenberg-apotheke.at\/katalog\/wp-json\/wp\/v2\/product_tag?post=31439"}],"curies":[{"name":"wp","href":"https:\/\/api.w.org\/{rel}","templated":true}]}}