{"id":31544,"date":"2025-11-25T22:07:27","date_gmt":"2025-11-25T21:07:27","guid":{"rendered":"https:\/\/www.hirtenberg-apotheke.at\/katalog\/produkt\/tena-inkontinenz-comfort-einlagen-40-stk-extra\/"},"modified":"2025-11-25T22:07:28","modified_gmt":"2025-11-25T21:07:28","slug":"tena-inkontinenz-comfort-einlagen-40-stk-extra","status":"publish","type":"product","link":"https:\/\/www.hirtenberg-apotheke.at\/katalog\/produkt\/tena-inkontinenz-comfort-einlagen-40-stk-extra\/","title":{"rendered":"Tena Inkontinenz Comfort-Einlagen 40 Stk. Extra"},"content":{"rendered":"<p>Tena Inkontinenz Comfort-Einlagen mit ConfioAir ist komplett atmungsaktiv, dermatologisch getestet und sorgt somit f\u00fcr gesunde Haut Ihrere Angeh\u00f6rigen. Die einzigartige Rundumbarriere des Inkontinenzprodukts bietet Sicherheit und das textil-\u00e4hnliche Material f\u00fcrhlt sich sehr weich an.<\/p>\n","protected":false},"excerpt":{"rendered":"<p>Tena Inkontinenz Comfort-Einlagen mit ConfioAir ist komplett atmungsaktiv, dermatologisch getestet und sorgt somit f\u00fcr gesunde Haut Ihrere Angeh\u00f6rigen. Die einzigartige Rundumbarriere des Inkontinenzprodukts bietet Sicherheit und das textil-\u00e4hnliche Material f\u00fcrhlt sich sehr weich an.<\/p>\n","protected":false},"featured_media":0,"template":"","meta":{"_acf_changed":false},"product_brand":[],"product_cat":[319],"product_tag":[],"class_list":{"0":"post-31544","1":"product","2":"type-product","3":"status-publish","5":"product_cat-t","6":"pa_packungsgroesse-40-stueck","8":"first","9":"instock","10":"shipping-taxable","11":"purchasable","12":"product-type-simple"},"acf":[],"_links":{"self":[{"href":"https:\/\/www.hirtenberg-apotheke.at\/katalog\/wp-json\/wp\/v2\/product\/31544","targetHints":{"allow":["GET"]}}],"collection":[{"href":"https:\/\/www.hirtenberg-apotheke.at\/katalog\/wp-json\/wp\/v2\/product"}],"about":[{"href":"https:\/\/www.hirtenberg-apotheke.at\/katalog\/wp-json\/wp\/v2\/types\/product"}],"wp:attachment":[{"href":"https:\/\/www.hirtenberg-apotheke.at\/katalog\/wp-json\/wp\/v2\/media?parent=31544"}],"wp:term":[{"taxonomy":"product_brand","embeddable":true,"href":"https:\/\/www.hirtenberg-apotheke.at\/katalog\/wp-json\/wp\/v2\/product_brand?post=31544"},{"taxonomy":"product_cat","embeddable":true,"href":"https:\/\/www.hirtenberg-apotheke.at\/katalog\/wp-json\/wp\/v2\/product_cat?post=31544"},{"taxonomy":"product_tag","embeddable":true,"href":"https:\/\/www.hirtenberg-apotheke.at\/katalog\/wp-json\/wp\/v2\/product_tag?post=31544"}],"curies":[{"name":"wp","href":"https:\/\/api.w.org\/{rel}","templated":true}]}}