{"id":31552,"date":"2025-11-25T22:07:34","date_gmt":"2025-11-25T21:07:34","guid":{"rendered":"https:\/\/www.hirtenberg-apotheke.at\/katalog\/produkt\/contam-inkontinenz-tampons-regular-5-stk\/"},"modified":"2025-11-25T22:07:37","modified_gmt":"2025-11-25T21:07:37","slug":"contam-inkontinenz-tampons-regular-5-stk","status":"publish","type":"product","link":"https:\/\/www.hirtenberg-apotheke.at\/katalog\/produkt\/contam-inkontinenz-tampons-regular-5-stk\/","title":{"rendered":"Contam Inkontinenz Tampons Regular 5 Stk."},"content":{"rendered":"<p>Contam Inkontinenz Tampons Regular 5 Stk. zur Selbstvesorgung bei Blasenschw\u00e4che und unfreiwilligem Harnverlust bei Lachen, Husten, Niesen, etc. Contam werden bei Belastungs-Inkontinenz und zur St\u00e4rkung und Aktivierung der Beckenbodenmuskulatur verwendet. Die Ausf\u00fchrung &#8222;Regular&#8220; hat einen Durchmesser von 28 mm.<\/p>\n","protected":false},"excerpt":{"rendered":"<p>Contam Inkontinenz Tampons Regular 5 Stk. zur Selbstvesorgung bei Blasenschw\u00e4che und unfreiwilligem Harnverlust bei Lachen, Husten, Niesen, etc. Contam werden bei Belastungs-Inkontinenz und zur St\u00e4rkung und Aktivierung der Beckenbodenmuskulatur verwendet. Die Ausf\u00fchrung &#8222;Regular&#8220; hat einen Durchmesser von 28 mm.<\/p>\n","protected":false},"featured_media":31554,"template":"","meta":{"_acf_changed":false},"product_brand":[],"product_cat":[337],"product_tag":[],"class_list":{"0":"post-31552","1":"product","2":"type-product","3":"status-publish","4":"has-post-thumbnail","6":"product_cat-c","7":"pa_packungsgroesse-5-stueck","9":"first","10":"instock","11":"shipping-taxable","12":"purchasable","13":"product-type-simple"},"acf":[],"_links":{"self":[{"href":"https:\/\/www.hirtenberg-apotheke.at\/katalog\/wp-json\/wp\/v2\/product\/31552","targetHints":{"allow":["GET"]}}],"collection":[{"href":"https:\/\/www.hirtenberg-apotheke.at\/katalog\/wp-json\/wp\/v2\/product"}],"about":[{"href":"https:\/\/www.hirtenberg-apotheke.at\/katalog\/wp-json\/wp\/v2\/types\/product"}],"wp:featuredmedia":[{"embeddable":true,"href":"https:\/\/www.hirtenberg-apotheke.at\/katalog\/wp-json\/wp\/v2\/media\/31554"}],"wp:attachment":[{"href":"https:\/\/www.hirtenberg-apotheke.at\/katalog\/wp-json\/wp\/v2\/media?parent=31552"}],"wp:term":[{"taxonomy":"product_brand","embeddable":true,"href":"https:\/\/www.hirtenberg-apotheke.at\/katalog\/wp-json\/wp\/v2\/product_brand?post=31552"},{"taxonomy":"product_cat","embeddable":true,"href":"https:\/\/www.hirtenberg-apotheke.at\/katalog\/wp-json\/wp\/v2\/product_cat?post=31552"},{"taxonomy":"product_tag","embeddable":true,"href":"https:\/\/www.hirtenberg-apotheke.at\/katalog\/wp-json\/wp\/v2\/product_tag?post=31552"}],"curies":[{"name":"wp","href":"https:\/\/api.w.org\/{rel}","templated":true}]}}