{"id":31587,"date":"2025-11-25T22:07:58","date_gmt":"2025-11-25T21:07:58","guid":{"rendered":"https:\/\/www.hirtenberg-apotheke.at\/katalog\/produkt\/braun-thermoscan-schutzkappen-fuer-ohr-fieberthermometer-40-stk\/"},"modified":"2025-11-25T22:08:03","modified_gmt":"2025-11-25T21:08:03","slug":"braun-thermoscan-schutzkappen-fuer-ohr-fieberthermometer-40-stk","status":"publish","type":"product","link":"https:\/\/www.hirtenberg-apotheke.at\/katalog\/produkt\/braun-thermoscan-schutzkappen-fuer-ohr-fieberthermometer-40-stk\/","title":{"rendered":"Braun Thermoscan Schutzkappen f\u00fcr Ohr-Fieberthermometer 40 Stk."},"content":{"rendered":"<p>Braun Thermoscan Schutzkappen vermeiden das Risiko der Ansteckung und die \u00dcbertragung von Keimen. Au\u00dferdem optimiert der Schutz des Messsensors die Pr\u00e4zision der Messung.<\/p>\n","protected":false},"excerpt":{"rendered":"<p>Braun Thermoscan Schutzkappen vermeiden das Risiko der Ansteckung und die \u00dcbertragung von Keimen. Au\u00dferdem optimiert der Schutz des Messsensors die Pr\u00e4zision der Messung.<\/p>\n","protected":false},"featured_media":31589,"template":"","meta":{"_acf_changed":false},"product_brand":[],"product_cat":[292],"product_tag":[],"class_list":{"0":"post-31587","1":"product","2":"type-product","3":"status-publish","4":"has-post-thumbnail","6":"product_cat-b","7":"pa_packungsgroesse-482","9":"first","10":"instock","11":"shipping-taxable","12":"purchasable","13":"product-type-simple"},"acf":[],"_links":{"self":[{"href":"https:\/\/www.hirtenberg-apotheke.at\/katalog\/wp-json\/wp\/v2\/product\/31587","targetHints":{"allow":["GET"]}}],"collection":[{"href":"https:\/\/www.hirtenberg-apotheke.at\/katalog\/wp-json\/wp\/v2\/product"}],"about":[{"href":"https:\/\/www.hirtenberg-apotheke.at\/katalog\/wp-json\/wp\/v2\/types\/product"}],"wp:featuredmedia":[{"embeddable":true,"href":"https:\/\/www.hirtenberg-apotheke.at\/katalog\/wp-json\/wp\/v2\/media\/31589"}],"wp:attachment":[{"href":"https:\/\/www.hirtenberg-apotheke.at\/katalog\/wp-json\/wp\/v2\/media?parent=31587"}],"wp:term":[{"taxonomy":"product_brand","embeddable":true,"href":"https:\/\/www.hirtenberg-apotheke.at\/katalog\/wp-json\/wp\/v2\/product_brand?post=31587"},{"taxonomy":"product_cat","embeddable":true,"href":"https:\/\/www.hirtenberg-apotheke.at\/katalog\/wp-json\/wp\/v2\/product_cat?post=31587"},{"taxonomy":"product_tag","embeddable":true,"href":"https:\/\/www.hirtenberg-apotheke.at\/katalog\/wp-json\/wp\/v2\/product_tag?post=31587"}],"curies":[{"name":"wp","href":"https:\/\/api.w.org\/{rel}","templated":true}]}}